{"id":4,"date":"2013-06-01T13:15:36","date_gmt":"2013-06-01T11:15:36","guid":{"rendered":"http:\/\/www.komarno.com\/en\/?page_id=4"},"modified":"2013-07-04T20:12:27","modified_gmt":"2013-07-04T18:12:27","slug":"home","status":"publish","type":"page","link":"https:\/\/www.komarno.com\/en\/","title":{"rendered":"Getting to know Kom\u00e1rno"},"content":{"rendered":"<div class=\"fcbkbttn_buttons_block\" id=\"fcbkbttn_left\"><div class=\"fcbkbttn_like \"><fb:like href=\"https:\/\/www.komarno.com\/en\/\" action=\"like\" colorscheme=\"light\" layout=\"button_count\"  size=\"small\"><\/fb:like><\/div><\/div><p><strong style=\"line-height: 1.6; font-size: 1.3rem;\"><a title=\"Small Journey\" href=\"http:\/\/www.komarno.com\/en\/small-journey\/\">Small journey<\/a> <\/strong><strong style=\"line-height: 1.6; font-size: 1.3rem;\"> <a title=\"Great journey\" href=\"http:\/\/www.komarno.com\/en\/great-journey\/\">Great journey<\/a><\/strong><\/p>\n<p>[myslider]<\/p>\n<p><a href=\"http:\/\/mapsengine.google.com\/map\/embed?mid=zNWLUAHTqbUA.knnBQ8hLgzhg\"><strong>Getting to know Kom\u00e1rno on Google Maps Engine Lite<\/strong><\/a><\/p>\n<p><a href=\"http:\/\/www.komarno.com\/en\/wp-content\/uploads\/sites\/4\/2013\/06\/turisticka-cesta_1.jpg\"><img loading=\"lazy\" decoding=\"async\" class=\"alignnone  wp-image-167\" title=\"Download map\" alt=\"turisticka cesta_1\" src=\"http:\/\/www.komarno.com\/en\/wp-content\/uploads\/sites\/4\/2013\/06\/turisticka-cesta_1-300x206.jpg\" width=\"144\" height=\"99\" srcset=\"https:\/\/www.komarno.com\/en\/wp-content\/uploads\/sites\/4\/2013\/06\/turisticka-cesta_1-300x206.jpg 300w, https:\/\/www.komarno.com\/en\/wp-content\/uploads\/sites\/4\/2013\/06\/turisticka-cesta_1-1024x704.jpg 1024w, https:\/\/www.komarno.com\/en\/wp-content\/uploads\/sites\/4\/2013\/06\/turisticka-cesta_1-720x495.jpg 720w, https:\/\/www.komarno.com\/en\/wp-content\/uploads\/sites\/4\/2013\/06\/turisticka-cesta_1.jpg 1181w\" sizes=\"auto, (max-width: 144px) 100vw, 144px\" \/><\/a>\u00a0\u00a0<a href=\"http:\/\/www.komarno.com\/en\/wp-content\/uploads\/sites\/4\/2013\/06\/turisticka-cesta_2.jpg\"><img loading=\"lazy\" decoding=\"async\" class=\"alignnone  wp-image-168\" title=\"Download map\" alt=\"turisticka cesta_2\" src=\"http:\/\/www.komarno.com\/en\/wp-content\/uploads\/sites\/4\/2013\/06\/turisticka-cesta_2-300x206.jpg\" width=\"144\" height=\"99\" srcset=\"https:\/\/www.komarno.com\/en\/wp-content\/uploads\/sites\/4\/2013\/06\/turisticka-cesta_2-300x206.jpg 300w, https:\/\/www.komarno.com\/en\/wp-content\/uploads\/sites\/4\/2013\/06\/turisticka-cesta_2-1024x704.jpg 1024w, https:\/\/www.komarno.com\/en\/wp-content\/uploads\/sites\/4\/2013\/06\/turisticka-cesta_2-720x495.jpg 720w, https:\/\/www.komarno.com\/en\/wp-content\/uploads\/sites\/4\/2013\/06\/turisticka-cesta_2.jpg 1181w\" sizes=\"auto, (max-width: 144px) 100vw, 144px\" \/><\/a><\/p>\n<p>&nbsp;<\/p>\n<p><span style=\"font-size: 1rem;\">The project Getting to know Kom\u00e1rno is an informal citizens\u2019 initiative of Mr. Miroslav Lopata, Ms. Katar\u00edna Plavcov\u00e1 and Mr. Miroslav \u0160vec supported by GLS WEB Design, s.r.o.<\/span><\/p>\n","protected":false},"excerpt":{"rendered":"<p>Small journey Great journey [myslider] Getting to know Kom\u00e1rno on Google Maps Engine Lite \u00a0\u00a0 &nbsp; The project Getting to know Kom\u00e1rno is an informal citizens\u2019 initiative of Mr. Miroslav Lopata, Ms. Katar\u00edna Plavcov\u00e1 and Mr. Miroslav \u0160vec supported by GLS WEB Design, s.r.o.<\/p>\n","protected":false},"author":1,"featured_media":168,"parent":0,"menu_order":0,"comment_status":"closed","ping_status":"closed","template":"","meta":{"footnotes":""},"class_list":["post-4","page","type-page","status-publish","has-post-thumbnail","hentry"],"_links":{"self":[{"href":"https:\/\/www.komarno.com\/en\/wp-json\/wp\/v2\/pages\/4","targetHints":{"allow":["GET"]}}],"collection":[{"href":"https:\/\/www.komarno.com\/en\/wp-json\/wp\/v2\/pages"}],"about":[{"href":"https:\/\/www.komarno.com\/en\/wp-json\/wp\/v2\/types\/page"}],"author":[{"embeddable":true,"href":"https:\/\/www.komarno.com\/en\/wp-json\/wp\/v2\/users\/1"}],"replies":[{"embeddable":true,"href":"https:\/\/www.komarno.com\/en\/wp-json\/wp\/v2\/comments?post=4"}],"version-history":[{"count":12,"href":"https:\/\/www.komarno.com\/en\/wp-json\/wp\/v2\/pages\/4\/revisions"}],"predecessor-version":[{"id":147,"href":"https:\/\/www.komarno.com\/en\/wp-json\/wp\/v2\/pages\/4\/revisions\/147"}],"wp:featuredmedia":[{"embeddable":true,"href":"https:\/\/www.komarno.com\/en\/wp-json\/wp\/v2\/media\/168"}],"wp:attachment":[{"href":"https:\/\/www.komarno.com\/en\/wp-json\/wp\/v2\/media?parent=4"}],"curies":[{"name":"wp","href":"https:\/\/api.w.org\/{rel}","templated":true}]}}