{"id":151,"date":"2013-07-03T00:42:50","date_gmt":"2013-07-02T22:42:50","guid":{"rendered":"http:\/\/www.komarno.com\/hu\/?page_id=151"},"modified":"2013-07-03T14:35:21","modified_gmt":"2013-07-03T12:35:21","slug":"klapka-ter","status":"publish","type":"page","link":"https:\/\/www.komarno.com\/hu\/kis-korut\/klapka-ter\/","title":{"rendered":"1 Klapka t\u00e9r"},"content":{"rendered":"<div class=\"fcbkbttn_buttons_block\" id=\"fcbkbttn_left\"><div class=\"fcbkbttn_like \"><fb:like href=\"https:\/\/www.komarno.com\/hu\/kis-korut\/klapka-ter\/\" action=\"like\" colorscheme=\"light\" layout=\"button_count\"  size=\"small\"><\/fb:like><\/div><\/div><p><a href=\"http:\/\/www.komarno.com\/sk\/wp-content\/uploads\/sites\/2\/2013\/06\/namestie-male1.jpg\"><img loading=\"lazy\" decoding=\"async\" class=\"size-medium wp-image-191 alignleft\" title=\"N\u00e1mestie g. Klapku\" alt=\"\" src=\"http:\/\/www.komarno.com\/sk\/wp-content\/uploads\/sites\/2\/2013\/06\/namestie-male1-300x136.jpg\" width=\"300\" height=\"136\" \/><\/a> A <strong>Klapka teret<\/strong>\u00a0az 1848\/49-es magyar forradalom k\u00e9pvisel\u0151j\u00e9nek,\u00a0<strong>Klapka Gy\u00f6rgynek<\/strong>\u00a0a szobra uralja. Klapka 1849-ben az osztr\u00e1k cs\u00e1sz\u00e1ri hadsereg ellen v\u00e9dte Kom\u00e1romot, mint a forradalom utols\u00f3 b\u00e1sty\u00e1j\u00e1t.\u00a0A <strong>kom\u00e1romi V\u00e1rosh\u00e1za<\/strong>\u00a0\u00e9p\u00fclet\u00e9ben sz\u00e9kel a\u00a0V\u00e1rosi Hivatal. Az els\u0151 v\u00e1rosh\u00e1za sok m\u00e1s \u00e9p\u00fclettel egy\u00fctt az 1763-as nagy f\u00f6ldreng\u00e9sben \u00a0megsemmis\u00fclt. Az\u00f3ta t\u00f6bbsz\u00f6r is megsemmis\u00fclt \u00e9s \u00fajra \u00e9p\u00fclt, mai form\u00e1j\u00e1t 1875-ben kapta. A\u00a0t\u00e9ren \u00a010.00,12.00,14.00 \u00e9s 16.00 \u00f3rakor a Klapka indul\u00f3 hallatszik, a\u00a0v\u00e1rosh\u00e1za torny\u00e1nak ajt\u00f3csk\u00e1ib\u00f3l husz\u00e1ralakocska b\u00fajik el\u0151. Az\u00a0<strong>eredeti Zichy palota<\/strong>\u00a0Zichy Ferenc gr\u00f3f sz\u00e1m\u00e1ra 1775-ben \u00e9p\u00fclt. Napjainkban a\u00a0Duna Menti M\u00fazeum \u00a0ki\u00e1ll\u00edt\u00e1sainak ad otthont. A\u00a0monarchia idej\u00e9n az \u00a0<strong>egykori klinika \u00e9p\u00fclete<\/strong>\u00a0takar\u00e9kp\u00e9nzt\u00e1r sz\u00e9khelyek\u00e9nt m\u0171k\u00f6d\u00f6tt, az \u00e9p\u00fclet jelenleg \u00fcresen \u00e1ll.<\/p>\n","protected":false},"excerpt":{"rendered":"<p>A Klapka teret\u00a0az 1848\/49-es magyar forradalom k\u00e9pvisel\u0151j\u00e9nek,\u00a0Klapka Gy\u00f6rgynek\u00a0a szobra uralja. Klapka 1849-ben az osztr\u00e1k cs\u00e1sz\u00e1ri hadsereg ellen v\u00e9dte Kom\u00e1romot, mint a forradalom utols\u00f3 b\u00e1sty\u00e1j\u00e1t.\u00a0A kom\u00e1romi V\u00e1rosh\u00e1za\u00a0\u00e9p\u00fclet\u00e9ben sz\u00e9kel a\u00a0V\u00e1rosi Hivatal. Az els\u0151 v\u00e1rosh\u00e1za sok m\u00e1s \u00e9p\u00fclettel egy\u00fctt az 1763-as nagy f\u00f6ldreng\u00e9sben \u00a0megsemmis\u00fclt. Az\u00f3ta t\u00f6bbsz\u00f6r is megsemmis\u00fclt \u00e9s \u00fajra \u00e9p\u00fclt, mai form\u00e1j\u00e1t 1875-ben kapta. A\u00a0t\u00e9ren \u00a010.00,12.00,14.00 \u00e9s [&hellip;]<\/p>\n","protected":false},"author":1,"featured_media":152,"parent":6,"menu_order":1,"comment_status":"closed","ping_status":"closed","template":"","meta":{"footnotes":""},"class_list":["post-151","page","type-page","status-publish","has-post-thumbnail","hentry"],"_links":{"self":[{"href":"https:\/\/www.komarno.com\/hu\/wp-json\/wp\/v2\/pages\/151","targetHints":{"allow":["GET"]}}],"collection":[{"href":"https:\/\/www.komarno.com\/hu\/wp-json\/wp\/v2\/pages"}],"about":[{"href":"https:\/\/www.komarno.com\/hu\/wp-json\/wp\/v2\/types\/page"}],"author":[{"embeddable":true,"href":"https:\/\/www.komarno.com\/hu\/wp-json\/wp\/v2\/users\/1"}],"replies":[{"embeddable":true,"href":"https:\/\/www.komarno.com\/hu\/wp-json\/wp\/v2\/comments?post=151"}],"version-history":[{"count":5,"href":"https:\/\/www.komarno.com\/hu\/wp-json\/wp\/v2\/pages\/151\/revisions"}],"predecessor-version":[{"id":163,"href":"https:\/\/www.komarno.com\/hu\/wp-json\/wp\/v2\/pages\/151\/revisions\/163"}],"up":[{"embeddable":true,"href":"https:\/\/www.komarno.com\/hu\/wp-json\/wp\/v2\/pages\/6"}],"wp:featuredmedia":[{"embeddable":true,"href":"https:\/\/www.komarno.com\/hu\/wp-json\/wp\/v2\/media\/152"}],"wp:attachment":[{"href":"https:\/\/www.komarno.com\/hu\/wp-json\/wp\/v2\/media?parent=151"}],"curies":[{"name":"wp","href":"https:\/\/api.w.org\/{rel}","templated":true}]}}