{"id":19,"date":"2013-06-01T14:07:07","date_gmt":"2013-06-01T12:07:07","guid":{"rendered":"http:\/\/www.komarno.com\/hu\/?page_id=19"},"modified":"2013-07-04T20:15:28","modified_gmt":"2013-07-04T18:15:28","slug":"haza-2","status":"publish","type":"page","link":"https:\/\/www.komarno.com\/hu\/","title":{"rendered":"F\u0151 oldal"},"content":{"rendered":"<div class=\"fcbkbttn_buttons_block\" id=\"fcbkbttn_left\"><div class=\"fcbkbttn_like \"><fb:like href=\"https:\/\/www.komarno.com\/hu\/\" action=\"like\" colorscheme=\"light\" layout=\"button_count\"  size=\"small\"><\/fb:like><\/div><\/div><p><strong style=\"line-height: 1.6; font-size: 1.3rem;\"><a title=\"Kis k\u00f6r\u00fat\" href=\"http:\/\/www.komarno.com\/hu\/kis-korut\/\">Kis k\u00f6r\u00fat<\/a> <a title=\"Nagy k\u00f6r\u00fat\" href=\"http:\/\/www.komarno.com\/hu\/nagy-korut\/\">Nagy k\u00f6r\u00fat<\/a>\u00a0<\/strong><\/p>\n<p>[myslider]<\/p>\n<p><a href=\"http:\/\/mapsengine.google.com\/map\/embed?mid=zNWLUAHTqbUA.knnBQ8hLgzhg\"><strong>Kom\u00e1rom ismertet\u0151 \u00fatvonalai (Google Maps Engine Lite)<\/strong><\/a><\/p>\n<p><a href=\"http:\/\/www.komarno.com\/hu\/wp-content\/uploads\/sites\/3\/2013\/06\/turisticka-cesta_1.jpg\"><img loading=\"lazy\" decoding=\"async\" class=\"alignnone  wp-image-178\" title=\"T\u00e9rk\u00e9p let\u00f6lt\u00e9se\" alt=\"turisticka cesta_1\" src=\"http:\/\/www.komarno.com\/hu\/wp-content\/uploads\/sites\/3\/2013\/06\/turisticka-cesta_1-300x206.jpg\" width=\"144\" height=\"99\" srcset=\"https:\/\/www.komarno.com\/hu\/wp-content\/uploads\/sites\/3\/2013\/06\/turisticka-cesta_1-300x206.jpg 300w, https:\/\/www.komarno.com\/hu\/wp-content\/uploads\/sites\/3\/2013\/06\/turisticka-cesta_1-1024x704.jpg 1024w, https:\/\/www.komarno.com\/hu\/wp-content\/uploads\/sites\/3\/2013\/06\/turisticka-cesta_1-720x495.jpg 720w, https:\/\/www.komarno.com\/hu\/wp-content\/uploads\/sites\/3\/2013\/06\/turisticka-cesta_1.jpg 1181w\" sizes=\"auto, (max-width: 144px) 100vw, 144px\" \/><\/a> <a href=\"http:\/\/www.komarno.com\/hu\/wp-content\/uploads\/sites\/3\/2013\/06\/turisticka-cesta_2.jpg\"><img loading=\"lazy\" decoding=\"async\" class=\"alignnone  wp-image-179\" title=\"T\u00e9rk\u00e9p let\u00f6lt\u00e9se\" alt=\"turisticka cesta_2\" src=\"http:\/\/www.komarno.com\/hu\/wp-content\/uploads\/sites\/3\/2013\/06\/turisticka-cesta_2-300x206.jpg\" width=\"144\" height=\"99\" srcset=\"https:\/\/www.komarno.com\/hu\/wp-content\/uploads\/sites\/3\/2013\/06\/turisticka-cesta_2-300x206.jpg 300w, https:\/\/www.komarno.com\/hu\/wp-content\/uploads\/sites\/3\/2013\/06\/turisticka-cesta_2-1024x704.jpg 1024w, https:\/\/www.komarno.com\/hu\/wp-content\/uploads\/sites\/3\/2013\/06\/turisticka-cesta_2-720x495.jpg 720w, https:\/\/www.komarno.com\/hu\/wp-content\/uploads\/sites\/3\/2013\/06\/turisticka-cesta_2.jpg 1181w\" sizes=\"auto, (max-width: 144px) 100vw, 144px\" \/><\/a><\/p>\n<p>&nbsp;<\/p>\n<p><span style=\"font-size: 1rem;\">A \u201eKom\u00e1rom ismertet\u0151 \u00fatvonalai\u201c projekt Lopata Miroslav, Plavcov\u00e1 Katar\u00edna \u00e9s \u0160vec Miroslav nem form\u00e1lis civil kezdem\u00e9nyez\u00e9s\u00e9re, a GLS Web Design, Kft. seg\u00edts\u00e9g\u00e9vel j\u00f6tt l\u00e9tre.<\/span><\/p>\n","protected":false},"excerpt":{"rendered":"<p>Kis k\u00f6r\u00fat Nagy k\u00f6r\u00fat\u00a0 [myslider] Kom\u00e1rom ismertet\u0151 \u00fatvonalai (Google Maps Engine Lite) &nbsp; A \u201eKom\u00e1rom ismertet\u0151 \u00fatvonalai\u201c projekt Lopata Miroslav, Plavcov\u00e1 Katar\u00edna \u00e9s \u0160vec Miroslav nem form\u00e1lis civil kezdem\u00e9nyez\u00e9s\u00e9re, a GLS Web Design, Kft. seg\u00edts\u00e9g\u00e9vel j\u00f6tt l\u00e9tre.<\/p>\n","protected":false},"author":1,"featured_media":179,"parent":0,"menu_order":0,"comment_status":"closed","ping_status":"closed","template":"","meta":{"footnotes":""},"class_list":["post-19","page","type-page","status-publish","has-post-thumbnail","hentry"],"_links":{"self":[{"href":"https:\/\/www.komarno.com\/hu\/wp-json\/wp\/v2\/pages\/19","targetHints":{"allow":["GET"]}}],"collection":[{"href":"https:\/\/www.komarno.com\/hu\/wp-json\/wp\/v2\/pages"}],"about":[{"href":"https:\/\/www.komarno.com\/hu\/wp-json\/wp\/v2\/types\/page"}],"author":[{"embeddable":true,"href":"https:\/\/www.komarno.com\/hu\/wp-json\/wp\/v2\/users\/1"}],"replies":[{"embeddable":true,"href":"https:\/\/www.komarno.com\/hu\/wp-json\/wp\/v2\/comments?post=19"}],"version-history":[{"count":15,"href":"https:\/\/www.komarno.com\/hu\/wp-json\/wp\/v2\/pages\/19\/revisions"}],"predecessor-version":[{"id":30,"href":"https:\/\/www.komarno.com\/hu\/wp-json\/wp\/v2\/pages\/19\/revisions\/30"}],"wp:featuredmedia":[{"embeddable":true,"href":"https:\/\/www.komarno.com\/hu\/wp-json\/wp\/v2\/media\/179"}],"wp:attachment":[{"href":"https:\/\/www.komarno.com\/hu\/wp-json\/wp\/v2\/media?parent=19"}],"curies":[{"name":"wp","href":"https:\/\/api.w.org\/{rel}","templated":true}]}}