{"id":6,"date":"2013-06-01T13:01:29","date_gmt":"2013-06-01T11:01:29","guid":{"rendered":"http:\/\/www.komarno.com\/hu\/?page_id=6"},"modified":"2013-07-03T21:41:09","modified_gmt":"2013-07-03T19:41:09","slug":"kis-korut","status":"publish","type":"page","link":"https:\/\/www.komarno.com\/hu\/kis-korut\/","title":{"rendered":"Kis k\u00f6r\u00fat"},"content":{"rendered":"<div class=\"fcbkbttn_buttons_block\" id=\"fcbkbttn_left\"><div class=\"fcbkbttn_like \"><fb:like href=\"https:\/\/www.komarno.com\/hu\/kis-korut\/\" action=\"like\" colorscheme=\"light\" layout=\"button_count\"  size=\"small\"><\/fb:like><\/div><\/div><table border=\"0\">\n<tbody>\n<tr>\n<td><a title=\"1 Klapka t\u00e9r\" href=\"http:\/\/www.komarno.com\/hu\/kis-korut\/klapka-ter\/\">1 Klapka t\u00e9r<\/a><br \/>\n<a title=\"2 Anglia park\" href=\"http:\/\/www.komarno.com\/hu\/kis-korut\/anglia-park\/\">2 Anglia park<\/a><br \/>\n<a title=\"3 \u00dajv\u00e1r\" href=\"http:\/\/www.komarno.com\/hu\/kis-korut\/ujvar\/\">3 \u00dajv\u00e1r<\/a><br \/>\n<a title=\"4 Tiszti pavilon\" href=\"http:\/\/www.komarno.com\/hu\/kis-korut\/tiszti-pavilon\/\">4 Tiszti Pavilon<\/a><br \/>\n<a title=\"5 Szent Andr\u00e1s-templom\" href=\"http:\/\/www.komarno.com\/hu\/kis-korut\/szent-andras-templom\/\">5\u00a0Szent Andr\u00e1s-templom<\/a><\/td>\n<td><a title=\"6 Leh\u00e1r Ferenc park\" href=\"http:\/\/www.komarno.com\/hu\/kis-korut\/lehar-ferenc-park\/\">6 Leh\u00e1r Ferenc park<\/a><br \/>\n<a title=\"7 Erzs\u00e9bet-h\u00edd\" href=\"http:\/\/www.komarno.com\/hu\/kis-korut\/erzsebet-hid\/\">7\u00a0Erzs\u00e9bet-h\u00edd<\/a><br \/>\n<a title=\"8 M. R. \u0160tef\u00e1nik Park\" href=\"http:\/\/www.komarno.com\/hu\/kis-korut\/m-r-stefanik-park\/\">8\u00a0M. R. \u0160tef\u00e1nik park<\/a><br \/>\n<a title=\"9 Szenth\u00e1roms\u00e1g szobor\" href=\"http:\/\/www.komarno.com\/hu\/kis-korut\/szentharomsag-szobor\/\">9\u00a0Szenth\u00e1roms\u00e1g szobor<\/a><br \/>\n<a title=\"10 Eur\u00f3pa udvar\" href=\"http:\/\/www.komarno.com\/hu\/kis-korut\/europa-udvar\/\">10 Eur\u00f3pa udvar<\/a><\/td>\n<\/tr>\n<\/tbody>\n<\/table>\n<p><iframe loading=\"lazy\" src=\"https:\/\/maps.google.hu\/maps\/ms?msa=0&amp;msid=209862301729274651671.0004e08b3f7629f39b070&amp;hl=hu&amp;ie=UTF8&amp;t=h&amp;ll=47.756141,18.12777&amp;spn=0.006192,0.013063&amp;output=embed\" height=\"600\" width=\"600\" frameborder=\"0\" marginwidth=\"0\" marginheight=\"0\" scrolling=\"no\"><\/iframe><br \/>\n<strong>Kis k\u00f6r\u00fat<\/strong> <a style=\"color: #0000ff; text-align: left;\" href=\"https:\/\/maps.google.hu\/maps\/ms?msa=0&amp;msid=209862301729274651671.0004e08b3f7629f39b070&amp;hl=hu&amp;ie=UTF8&amp;t=h&amp;ll=47.756141,18.12777&amp;spn=0.006192,0.013063&amp;source=embed\">nagyobb t\u00e9rk\u00e9pen<\/a> val\u00f3 megjelen\u00edt\u00e9se.<\/p>\n","protected":false},"excerpt":{"rendered":"<p>1 Klapka t\u00e9r 2 Anglia park 3 \u00dajv\u00e1r 4 Tiszti Pavilon 5\u00a0Szent Andr\u00e1s-templom 6 Leh\u00e1r Ferenc park 7\u00a0Erzs\u00e9bet-h\u00edd 8\u00a0M. R. \u0160tef\u00e1nik park 9\u00a0Szenth\u00e1roms\u00e1g szobor 10 Eur\u00f3pa udvar Kis k\u00f6r\u00fat nagyobb t\u00e9rk\u00e9pen val\u00f3 megjelen\u00edt\u00e9se.<\/p>\n","protected":false},"author":1,"featured_media":0,"parent":0,"menu_order":1,"comment_status":"closed","ping_status":"closed","template":"","meta":{"footnotes":""},"class_list":["post-6","page","type-page","status-publish","hentry"],"_links":{"self":[{"href":"https:\/\/www.komarno.com\/hu\/wp-json\/wp\/v2\/pages\/6","targetHints":{"allow":["GET"]}}],"collection":[{"href":"https:\/\/www.komarno.com\/hu\/wp-json\/wp\/v2\/pages"}],"about":[{"href":"https:\/\/www.komarno.com\/hu\/wp-json\/wp\/v2\/types\/page"}],"author":[{"embeddable":true,"href":"https:\/\/www.komarno.com\/hu\/wp-json\/wp\/v2\/users\/1"}],"replies":[{"embeddable":true,"href":"https:\/\/www.komarno.com\/hu\/wp-json\/wp\/v2\/comments?post=6"}],"version-history":[{"count":15,"href":"https:\/\/www.komarno.com\/hu\/wp-json\/wp\/v2\/pages\/6\/revisions"}],"predecessor-version":[{"id":135,"href":"https:\/\/www.komarno.com\/hu\/wp-json\/wp\/v2\/pages\/6\/revisions\/135"}],"wp:attachment":[{"href":"https:\/\/www.komarno.com\/hu\/wp-json\/wp\/v2\/media?parent=6"}],"curies":[{"name":"wp","href":"https:\/\/api.w.org\/{rel}","templated":true}]}}