{"id":62,"date":"2013-07-02T19:46:00","date_gmt":"2013-07-02T17:46:00","guid":{"rendered":"http:\/\/www.komarno.com\/hu\/?page_id=62"},"modified":"2013-07-03T21:37:12","modified_gmt":"2013-07-03T19:37:12","slug":"nagy-korut","status":"publish","type":"page","link":"https:\/\/www.komarno.com\/hu\/nagy-korut\/","title":{"rendered":"Nagy k\u00f6r\u00fat"},"content":{"rendered":"<div class=\"fcbkbttn_buttons_block\" id=\"fcbkbttn_left\"><div class=\"fcbkbttn_like \"><fb:like href=\"https:\/\/www.komarno.com\/hu\/nagy-korut\/\" action=\"like\" colorscheme=\"light\" layout=\"button_count\"  size=\"small\"><\/fb:like><\/div><\/div><p><a title=\"1 Klapka t\u00e9r\" href=\"http:\/\/www.komarno.com\/hu\/kis-korut\/klapka-ter\/\"><span style=\"line-height: 1.6; font-size: 1.3rem;\">A Klapka t\u00e9r<\/span><\/a><br \/>\n<a title=\"B \u2013 \u00dat a V\u00e1r kor\u00fcl \u2013 a Duna \u00e9s a V\u00e1g foly\u00f3k tal\u00e1lkoz\u00e1sa\" href=\"http:\/\/www.komarno.com\/hu\/nagy-korut\/b-ut-a-var-korul\/\">B\u00a0\u00dat a V\u00e1r kor\u00fcl &#8211; a Duna \u00e9s a V\u00e1g foly\u00f3k tal\u00e1lkoz\u00e1sa<\/a><br \/>\n<a title=\"C \u2013 Ker\u00e9kp\u00e1r\u00fatvonal\" href=\"http:\/\/www.komarno.com\/hu\/nagy-korut\/c-kerekparutvonal\/\">C\u00a0Ker\u00e9kp\u00e1r\u00fatvonal<\/a><br \/>\n<a title=\"D \u2013 V. b\u00e1stya \u00e9s R\u00f3mai k\u0151t\u00e1r\" href=\"http:\/\/www.komarno.com\/hu\/nagy-korut\/d-v-bastya-es-romai-kotar\/\">D\u00a0V. b\u00e1stya \u00e9s a R\u00f3mai k\u0151t\u00e1r a VI. b\u00e1sty\u00e1ban<\/a><\/p>\n<p><iframe loading=\"lazy\" src=\"https:\/\/maps.google.hu\/maps\/ms?msa=0&amp;msid=209862301729274651671.0004e08cb2abaefa91234&amp;hl=hu&amp;ie=UTF8&amp;t=h&amp;ll=47.76604,18.13253&amp;spn=0.030403,0.021856&amp;output=embed\" height=\"600\" width=\"600\" frameborder=\"0\" marginwidth=\"0\" marginheight=\"0\" scrolling=\"no\"><\/iframe><br \/>\nNagy k\u00f6r\u00fat <a style=\"color: #0000ff; text-align: left;\" href=\"https:\/\/maps.google.hu\/maps\/ms?msa=0&amp;msid=209862301729274651671.0004e08cb2abaefa91234&amp;hl=hu&amp;ie=UTF8&amp;t=h&amp;ll=47.76604,18.13253&amp;spn=0.030403,0.021856&amp;source=embed\">nagyobb t\u00e9rk\u00e9pen<\/a> val\u00f3 megjelen\u00edt\u00e9se<\/p>\n","protected":false},"excerpt":{"rendered":"<p>A Klapka t\u00e9r B\u00a0\u00dat a V\u00e1r kor\u00fcl &#8211; a Duna \u00e9s a V\u00e1g foly\u00f3k tal\u00e1lkoz\u00e1sa C\u00a0Ker\u00e9kp\u00e1r\u00fatvonal D\u00a0V. b\u00e1stya \u00e9s a R\u00f3mai k\u0151t\u00e1r a VI. b\u00e1sty\u00e1ban Nagy k\u00f6r\u00fat nagyobb t\u00e9rk\u00e9pen val\u00f3 megjelen\u00edt\u00e9se<\/p>\n","protected":false},"author":1,"featured_media":0,"parent":0,"menu_order":3,"comment_status":"closed","ping_status":"closed","template":"","meta":{"footnotes":""},"class_list":["post-62","page","type-page","status-publish","hentry"],"_links":{"self":[{"href":"https:\/\/www.komarno.com\/hu\/wp-json\/wp\/v2\/pages\/62","targetHints":{"allow":["GET"]}}],"collection":[{"href":"https:\/\/www.komarno.com\/hu\/wp-json\/wp\/v2\/pages"}],"about":[{"href":"https:\/\/www.komarno.com\/hu\/wp-json\/wp\/v2\/types\/page"}],"author":[{"embeddable":true,"href":"https:\/\/www.komarno.com\/hu\/wp-json\/wp\/v2\/users\/1"}],"replies":[{"embeddable":true,"href":"https:\/\/www.komarno.com\/hu\/wp-json\/wp\/v2\/comments?post=62"}],"version-history":[{"count":7,"href":"https:\/\/www.komarno.com\/hu\/wp-json\/wp\/v2\/pages\/62\/revisions"}],"predecessor-version":[{"id":141,"href":"https:\/\/www.komarno.com\/hu\/wp-json\/wp\/v2\/pages\/62\/revisions\/141"}],"wp:attachment":[{"href":"https:\/\/www.komarno.com\/hu\/wp-json\/wp\/v2\/media?parent=62"}],"curies":[{"name":"wp","href":"https:\/\/api.w.org\/{rel}","templated":true}]}}