{"id":81,"date":"2013-07-02T14:32:34","date_gmt":"2013-07-02T12:32:34","guid":{"rendered":"http:\/\/www.komarno.com\/hu\/?page_id=81"},"modified":"2013-07-02T14:32:34","modified_gmt":"2013-07-02T12:32:34","slug":"tiszti-pavilon","status":"publish","type":"page","link":"https:\/\/www.komarno.com\/hu\/kis-korut\/tiszti-pavilon\/","title":{"rendered":"4 Tiszti pavilon"},"content":{"rendered":"<div class=\"fcbkbttn_buttons_block\" id=\"fcbkbttn_left\"><div class=\"fcbkbttn_like \"><fb:like href=\"https:\/\/www.komarno.com\/hu\/kis-korut\/tiszti-pavilon\/\" action=\"like\" colorscheme=\"light\" layout=\"button_count\"  size=\"small\"><\/fb:like><\/div><\/div><p><b><a href=\"http:\/\/www.komarno.com\/sk\/wp-content\/uploads\/sites\/2\/2013\/06\/Dostojnicky_pavilon.jpg\"><img loading=\"lazy\" decoding=\"async\" class=\" wp-image-239 alignleft\" title=\"Tiszti pavilon\" alt=\"\" src=\"http:\/\/www.komarno.com\/sk\/wp-content\/uploads\/sites\/2\/2013\/06\/Dostojnicky_pavilon-300x198.jpg\" width=\"180\" height=\"119\" \/><\/a><\/b><span style=\"line-height: 1.6; font-size: 1.3rem;\">A <strong>Tiszti pavilon<\/strong> (1863-ban I. Ferenc J\u00f3zsef uralkod\u00e1sa alatt \u00e9p\u00fclt) f\u0151homlokzat\u00e1n szem\u00e9lyes jelmondata szerepel: \u201eVIRIBVS VNITIS\u201c\u00a0<\/span>\u2013 \u201eEgys\u00e9gben az er\u0151\u201c. Eredetileg a cs\u00e1sz\u00e1ri hadsereg tisztjeinek \u00e9s csal\u00e1djainak lakhelyek\u00e9nt szolg\u00e1lt, s\u0151t a f\u00f6ldszinten a tisztek\u00a0r\u00e9sz\u00e9re kaszin\u00f3t hoztak l\u00e9tre. A pavilon ma m\u00e1r a v\u00e1ros\u00e9, itt irod\u00e1k, orvosi rendel\u0151k, \u00e9tterem \u00e9s amfite\u00e1trum tal\u00e1lhat\u00f3, ny\u00e1ron pedig a\u00a0kom\u00e1romi friss h\u00e1zasok fot\u00f3z\u00e1s\u00e1nak kedvelt sz\u00ednhelye.<\/p>\n<p>.<\/p>\n","protected":false},"excerpt":{"rendered":"<p>A Tiszti pavilon (1863-ban I. Ferenc J\u00f3zsef uralkod\u00e1sa alatt \u00e9p\u00fclt) f\u0151homlokzat\u00e1n szem\u00e9lyes jelmondata szerepel: \u201eVIRIBVS VNITIS\u201c\u00a0\u2013 \u201eEgys\u00e9gben az er\u0151\u201c. Eredetileg a cs\u00e1sz\u00e1ri hadsereg tisztjeinek \u00e9s csal\u00e1djainak lakhelyek\u00e9nt szolg\u00e1lt, s\u0151t a f\u00f6ldszinten a tisztek\u00a0r\u00e9sz\u00e9re kaszin\u00f3t hoztak l\u00e9tre. A pavilon ma m\u00e1r a v\u00e1ros\u00e9, itt irod\u00e1k, orvosi rendel\u0151k, \u00e9tterem \u00e9s amfite\u00e1trum tal\u00e1lhat\u00f3, ny\u00e1ron pedig a\u00a0kom\u00e1romi friss h\u00e1zasok [&hellip;]<\/p>\n","protected":false},"author":1,"featured_media":82,"parent":6,"menu_order":4,"comment_status":"closed","ping_status":"closed","template":"","meta":{"footnotes":""},"class_list":["post-81","page","type-page","status-publish","has-post-thumbnail","hentry"],"_links":{"self":[{"href":"https:\/\/www.komarno.com\/hu\/wp-json\/wp\/v2\/pages\/81","targetHints":{"allow":["GET"]}}],"collection":[{"href":"https:\/\/www.komarno.com\/hu\/wp-json\/wp\/v2\/pages"}],"about":[{"href":"https:\/\/www.komarno.com\/hu\/wp-json\/wp\/v2\/types\/page"}],"author":[{"embeddable":true,"href":"https:\/\/www.komarno.com\/hu\/wp-json\/wp\/v2\/users\/1"}],"replies":[{"embeddable":true,"href":"https:\/\/www.komarno.com\/hu\/wp-json\/wp\/v2\/comments?post=81"}],"version-history":[{"count":1,"href":"https:\/\/www.komarno.com\/hu\/wp-json\/wp\/v2\/pages\/81\/revisions"}],"predecessor-version":[{"id":110,"href":"https:\/\/www.komarno.com\/hu\/wp-json\/wp\/v2\/pages\/81\/revisions\/110"}],"up":[{"embeddable":true,"href":"https:\/\/www.komarno.com\/hu\/wp-json\/wp\/v2\/pages\/6"}],"wp:featuredmedia":[{"embeddable":true,"href":"https:\/\/www.komarno.com\/hu\/wp-json\/wp\/v2\/media\/82"}],"wp:attachment":[{"href":"https:\/\/www.komarno.com\/hu\/wp-json\/wp\/v2\/media?parent=81"}],"curies":[{"name":"wp","href":"https:\/\/api.w.org\/{rel}","templated":true}]}}