{"id":85,"date":"2013-07-02T14:35:38","date_gmt":"2013-07-02T12:35:38","guid":{"rendered":"http:\/\/www.komarno.com\/hu\/?page_id=85"},"modified":"2013-07-02T19:26:18","modified_gmt":"2013-07-02T17:26:18","slug":"lehar-ferenc-park","status":"publish","type":"page","link":"https:\/\/www.komarno.com\/hu\/kis-korut\/lehar-ferenc-park\/","title":{"rendered":"6 Leh\u00e1r Ferenc park"},"content":{"rendered":"<div class=\"fcbkbttn_buttons_block\" id=\"fcbkbttn_left\"><div class=\"fcbkbttn_like \"><fb:like href=\"https:\/\/www.komarno.com\/hu\/kis-korut\/lehar-ferenc-park\/\" action=\"like\" colorscheme=\"light\" layout=\"button_count\"  size=\"small\"><\/fb:like><\/div><\/div><p><a href=\"http:\/\/www.komarno.com\/sk\/wp-content\/uploads\/sites\/2\/2013\/06\/Franz_Lehar.jpg\"><img loading=\"lazy\" decoding=\"async\" class=\"wp-image-246 alignnone\" title=\"Leh\u00e1r Ferenz\" alt=\"\" src=\"http:\/\/www.komarno.com\/sk\/wp-content\/uploads\/sites\/2\/2013\/06\/Franz_Lehar-198x300.jpg\" width=\"95\" height=\"144\" \/><\/a>\u00a0\u00a0\u00a0<a href=\"http:\/\/www.komarno.com\/sk\/wp-content\/uploads\/sites\/2\/2013\/06\/socha_sv_Stefana.jpg\"><img loading=\"lazy\" decoding=\"async\" class=\"wp-image-249 alignnone\" style=\"font-size: 1.3rem; line-height: 1.6;\" title=\"Szent Istv\u00e1n\" alt=\"\" src=\"http:\/\/www.komarno.com\/sk\/wp-content\/uploads\/sites\/2\/2013\/06\/socha_sv_Stefana-198x300.jpg\" width=\"95\" height=\"144\" \/><\/a><\/p>\n<p><span style=\"line-height: 1.6; font-size: 1.3rem;\">A <strong>Leh\u00e1r Ferenc<\/strong> (1870-1948) park hely\u00e9n \u00e1llt a vil\u00e1gh\u00edr\u0171 operett zeneszerz\u0151 egykori sz\u00fcl\u0151helye. A v\u00edg \u00f6zvegy Leh\u00e1r egyik legh\u00edresebb\u00a0<\/span>operettjeinek egyike. A Leh\u00e1r parkkal szemben tal\u00e1lhat\u00f3 az els\u0151 magyar kir\u00e1ly, <strong>Szent Istv\u00e1n<\/strong> szobra. Uralkod\u00e1sa alatt\u00a0Kom\u00e1romban, k\u00f6r\u00fclbel\u00fcl az 1000. \u00e9vben alap\u00edtott\u00e1k meg az egyik legr\u00e9gebbi v\u00e1rmegy\u00e9t.<\/p>\n","protected":false},"excerpt":{"rendered":"<p>\u00a0\u00a0\u00a0 A Leh\u00e1r Ferenc (1870-1948) park hely\u00e9n \u00e1llt a vil\u00e1gh\u00edr\u0171 operett zeneszerz\u0151 egykori sz\u00fcl\u0151helye. A v\u00edg \u00f6zvegy Leh\u00e1r egyik legh\u00edresebb\u00a0operettjeinek egyike. A Leh\u00e1r parkkal szemben tal\u00e1lhat\u00f3 az els\u0151 magyar kir\u00e1ly, Szent Istv\u00e1n szobra. Uralkod\u00e1sa alatt\u00a0Kom\u00e1romban, k\u00f6r\u00fclbel\u00fcl az 1000. \u00e9vben alap\u00edtott\u00e1k meg az egyik legr\u00e9gebbi v\u00e1rmegy\u00e9t.<\/p>\n","protected":false},"author":1,"featured_media":86,"parent":6,"menu_order":6,"comment_status":"closed","ping_status":"closed","template":"","meta":{"footnotes":""},"class_list":["post-85","page","type-page","status-publish","has-post-thumbnail","hentry"],"_links":{"self":[{"href":"https:\/\/www.komarno.com\/hu\/wp-json\/wp\/v2\/pages\/85","targetHints":{"allow":["GET"]}}],"collection":[{"href":"https:\/\/www.komarno.com\/hu\/wp-json\/wp\/v2\/pages"}],"about":[{"href":"https:\/\/www.komarno.com\/hu\/wp-json\/wp\/v2\/types\/page"}],"author":[{"embeddable":true,"href":"https:\/\/www.komarno.com\/hu\/wp-json\/wp\/v2\/users\/1"}],"replies":[{"embeddable":true,"href":"https:\/\/www.komarno.com\/hu\/wp-json\/wp\/v2\/comments?post=85"}],"version-history":[{"count":2,"href":"https:\/\/www.komarno.com\/hu\/wp-json\/wp\/v2\/pages\/85\/revisions"}],"predecessor-version":[{"id":124,"href":"https:\/\/www.komarno.com\/hu\/wp-json\/wp\/v2\/pages\/85\/revisions\/124"}],"up":[{"embeddable":true,"href":"https:\/\/www.komarno.com\/hu\/wp-json\/wp\/v2\/pages\/6"}],"wp:featuredmedia":[{"embeddable":true,"href":"https:\/\/www.komarno.com\/hu\/wp-json\/wp\/v2\/media\/86"}],"wp:attachment":[{"href":"https:\/\/www.komarno.com\/hu\/wp-json\/wp\/v2\/media?parent=85"}],"curies":[{"name":"wp","href":"https:\/\/api.w.org\/{rel}","templated":true}]}}