{"id":87,"date":"2013-07-02T19:13:26","date_gmt":"2013-07-02T17:13:26","guid":{"rendered":"http:\/\/www.komarno.com\/hu\/?page_id=87"},"modified":"2013-07-02T19:26:42","modified_gmt":"2013-07-02T17:26:42","slug":"erzsebet-hid","status":"publish","type":"page","link":"https:\/\/www.komarno.com\/hu\/kis-korut\/erzsebet-hid\/","title":{"rendered":"7 Erzs\u00e9bet-h\u00edd"},"content":{"rendered":"<div class=\"fcbkbttn_buttons_block\" id=\"fcbkbttn_left\"><div class=\"fcbkbttn_like \"><fb:like href=\"https:\/\/www.komarno.com\/hu\/kis-korut\/erzsebet-hid\/\" action=\"like\" colorscheme=\"light\" layout=\"button_count\"  size=\"small\"><\/fb:like><\/div><\/div><p><a href=\"http:\/\/www.komarno.com\/sk\/wp-content\/uploads\/sites\/2\/2013\/06\/most.jpg\"><img loading=\"lazy\" decoding=\"async\" class=\" wp-image-259 alignleft\" title=\"Erzs\u00e9bet-h\u00edd\" alt=\"\" src=\"http:\/\/www.komarno.com\/sk\/wp-content\/uploads\/sites\/2\/2013\/06\/most-300x198.jpg\" width=\"180\" height=\"119\" \/><\/a>Az Erzs\u00e9bet-h\u00eddhoz vezet\u0151 \u00fat a felnyithat\u00f3 h\u00eddon kereszt\u00fcl vezet, kil\u00e1t\u00e1ssal a kom\u00e1romi <strong>kik\u00f6t\u0151re \u00e9s a haj\u00f3gy\u00e1rra<\/strong>. A haj\u00f3gy\u00e1r a\u00a019. sz\u00e1zad v\u00e9g\u00e9n l\u00e9tes\u00fclt \u00e9s a szocializmus id\u0151szaka alatt \u00e9lte meg legnagyobb fellend\u00fcl\u00e9s\u00e9t, amikor is f\u0151k\u00e9nt tengeri- \u00e9s folyami\u00a0haj\u00f3kat gy\u00e1rtottak. Kom\u00e1romban az els\u0151 \u00fan. haj\u00f3h\u00edd 1586-ban \u00e9p\u00fclt, \u00e9s 79 haj\u00f3 tartotta. 1892-ben a haj\u00f3hidat az <strong>Erzs\u00e9bet-h\u00edd<\/strong>dal helyettes\u00edtett\u00e9k,\u00a0amelynek n\u00e9vad\u00f3ja Sissi cs\u00e1sz\u00e1rn\u00e9 volt. A hidat a mai napig haszn\u00e1lj\u00e1k. A <strong>Duna<\/strong> \u00f6sszek\u00f6ti Kom\u00e1romot N\u00e9metorsz\u00e1ggal,\u00a0Magyarorsz\u00e1ggal, Horv\u00e1torsz\u00e1ggal, Szerbi\u00e1val, Moldov\u00e1val, Ukrajn\u00e1val, Bulg\u00e1ri\u00e1val \u00e9s Rom\u00e1ni\u00e1val. Egykor a Dun\u00e1n haj\u00f3malmok sokas\u00e1ga\u00a0horgonyzott, \u00e9s aranyat is mostak. A mai napig fontos k\u00f6zleked\u00e9si \u00fatvonal, Kom\u00e1romon kereszt\u00fcl napi \u00e1tlagban 15 haj\u00f3 halad \u00e1t.\u00a0Honn\u00e9t \u00e9s hov\u00e1 tartanak, megtudhatja a <a title=\"www.komarno.com\/7a\" href=\"http:\/\/www.komarno.com\/7a\">www.komarno.com\/7a<\/a> honlapon.<\/p>\n","protected":false},"excerpt":{"rendered":"<p>Az Erzs\u00e9bet-h\u00eddhoz vezet\u0151 \u00fat a felnyithat\u00f3 h\u00eddon kereszt\u00fcl vezet, kil\u00e1t\u00e1ssal a kom\u00e1romi kik\u00f6t\u0151re \u00e9s a haj\u00f3gy\u00e1rra. A haj\u00f3gy\u00e1r a\u00a019. sz\u00e1zad v\u00e9g\u00e9n l\u00e9tes\u00fclt \u00e9s a szocializmus id\u0151szaka alatt \u00e9lte meg legnagyobb fellend\u00fcl\u00e9s\u00e9t, amikor is f\u0151k\u00e9nt tengeri- \u00e9s folyami\u00a0haj\u00f3kat gy\u00e1rtottak. Kom\u00e1romban az els\u0151 \u00fan. haj\u00f3h\u00edd 1586-ban \u00e9p\u00fclt, \u00e9s 79 haj\u00f3 tartotta. 1892-ben a haj\u00f3hidat az Erzs\u00e9bet-h\u00edddal helyettes\u00edtett\u00e9k,\u00a0amelynek [&hellip;]<\/p>\n","protected":false},"author":1,"featured_media":88,"parent":6,"menu_order":7,"comment_status":"closed","ping_status":"closed","template":"","meta":{"footnotes":""},"class_list":["post-87","page","type-page","status-publish","has-post-thumbnail","hentry"],"_links":{"self":[{"href":"https:\/\/www.komarno.com\/hu\/wp-json\/wp\/v2\/pages\/87","targetHints":{"allow":["GET"]}}],"collection":[{"href":"https:\/\/www.komarno.com\/hu\/wp-json\/wp\/v2\/pages"}],"about":[{"href":"https:\/\/www.komarno.com\/hu\/wp-json\/wp\/v2\/types\/page"}],"author":[{"embeddable":true,"href":"https:\/\/www.komarno.com\/hu\/wp-json\/wp\/v2\/users\/1"}],"replies":[{"embeddable":true,"href":"https:\/\/www.komarno.com\/hu\/wp-json\/wp\/v2\/comments?post=87"}],"version-history":[{"count":3,"href":"https:\/\/www.komarno.com\/hu\/wp-json\/wp\/v2\/pages\/87\/revisions"}],"predecessor-version":[{"id":125,"href":"https:\/\/www.komarno.com\/hu\/wp-json\/wp\/v2\/pages\/87\/revisions\/125"}],"up":[{"embeddable":true,"href":"https:\/\/www.komarno.com\/hu\/wp-json\/wp\/v2\/pages\/6"}],"wp:featuredmedia":[{"embeddable":true,"href":"https:\/\/www.komarno.com\/hu\/wp-json\/wp\/v2\/media\/88"}],"wp:attachment":[{"href":"https:\/\/www.komarno.com\/hu\/wp-json\/wp\/v2\/media?parent=87"}],"curies":[{"name":"wp","href":"https:\/\/api.w.org\/{rel}","templated":true}]}}