{"id":91,"date":"2013-07-02T19:40:46","date_gmt":"2013-07-02T17:40:46","guid":{"rendered":"http:\/\/www.komarno.com\/hu\/?page_id=91"},"modified":"2013-07-02T19:40:46","modified_gmt":"2013-07-02T17:40:46","slug":"szentharomsag-szobor","status":"publish","type":"page","link":"https:\/\/www.komarno.com\/hu\/kis-korut\/szentharomsag-szobor\/","title":{"rendered":"9 Szenth\u00e1roms\u00e1g szobor"},"content":{"rendered":"<div class=\"fcbkbttn_buttons_block\" id=\"fcbkbttn_left\"><div class=\"fcbkbttn_like \"><fb:like href=\"https:\/\/www.komarno.com\/hu\/kis-korut\/szentharomsag-szobor\/\" action=\"like\" colorscheme=\"light\" layout=\"button_count\"  size=\"small\"><\/fb:like><\/div><\/div><p><b><a href=\"http:\/\/www.komarno.com\/sk\/wp-content\/uploads\/sites\/2\/2013\/06\/Trojicny-stlp.jpg\"><img loading=\"lazy\" decoding=\"async\" class=\" wp-image-273 alignleft\" title=\"Szenth\u00e1roms\u00e1g szobor\" alt=\"\" src=\"http:\/\/www.komarno.com\/sk\/wp-content\/uploads\/sites\/2\/2013\/06\/Trojicny-stlp-198x300.jpg\" width=\"119\" height=\"180\" \/><\/a>A Szenth\u00e1roms\u00e1g szobor <\/b>1715-b\u0151l az 1710-1711 k\u00f6z\u00f6tt puszt\u00edt\u00f3 pestisj\u00e1rv\u00e1nyra, valamint a kuruc ostrom befejez\u00e9s\u00e9re eml\u00e9keztet.<br \/>\nA szoborhoz egy legenda f\u0171z\u0151dik, mely szerint az 1763-as nagy f\u00f6ldreng\u00e9s alatt egy menyasszony kocsist\u00f3l, az eg\u00e9sz n\u00e1szmenettel<br \/>\negy\u00fctt a f\u00f6ld al\u00e1 esett. A f\u00f6ld Kom\u00e1romban m\u00e9g ma is n\u00e9ha remeg, mivel a v\u00e1ros 160 kilom\u00e9ter hossz\u00fa \u00fan. kom\u00e1romi tektonikus<br \/>\nt\u00f6r\u00e9sen fekszik. Szerencs\u00e9re ezek a reng\u00e9sek nem \u00e9rik el a 18. sz\u00e1zadi f\u00f6ldreng\u00e9s puszt\u00edt\u00f3 erej\u00e9t. A Szenth\u00e1roms\u00e1g szobort\u00f3l a Zichy<br \/>\npalota alulj\u00e1r\u00f3j\u00e1n \u00e1t eljut az Eur\u00f3pa udvarba, ahol a<b> Duna Menti M\u00fazeum J\u00f3kai M\u00f3r \u00e9s Leh\u00e1r Ferenc ki\u00e1ll\u00edt\u00e1sa tal\u00e1lhat\u00f3.<br \/>\n<\/b><\/p>\n","protected":false},"excerpt":{"rendered":"<p>A Szenth\u00e1roms\u00e1g szobor 1715-b\u0151l az 1710-1711 k\u00f6z\u00f6tt puszt\u00edt\u00f3 pestisj\u00e1rv\u00e1nyra, valamint a kuruc ostrom befejez\u00e9s\u00e9re eml\u00e9keztet. A szoborhoz egy legenda f\u0171z\u0151dik, mely szerint az 1763-as nagy f\u00f6ldreng\u00e9s alatt egy menyasszony kocsist\u00f3l, az eg\u00e9sz n\u00e1szmenettel egy\u00fctt a f\u00f6ld al\u00e1 esett. A f\u00f6ld Kom\u00e1romban m\u00e9g ma is n\u00e9ha remeg, mivel a v\u00e1ros 160 kilom\u00e9ter hossz\u00fa \u00fan. kom\u00e1romi tektonikus [&hellip;]<\/p>\n","protected":false},"author":1,"featured_media":92,"parent":6,"menu_order":9,"comment_status":"closed","ping_status":"closed","template":"","meta":{"footnotes":""},"class_list":["post-91","page","type-page","status-publish","has-post-thumbnail","hentry"],"_links":{"self":[{"href":"https:\/\/www.komarno.com\/hu\/wp-json\/wp\/v2\/pages\/91","targetHints":{"allow":["GET"]}}],"collection":[{"href":"https:\/\/www.komarno.com\/hu\/wp-json\/wp\/v2\/pages"}],"about":[{"href":"https:\/\/www.komarno.com\/hu\/wp-json\/wp\/v2\/types\/page"}],"author":[{"embeddable":true,"href":"https:\/\/www.komarno.com\/hu\/wp-json\/wp\/v2\/users\/1"}],"replies":[{"embeddable":true,"href":"https:\/\/www.komarno.com\/hu\/wp-json\/wp\/v2\/comments?post=91"}],"version-history":[{"count":1,"href":"https:\/\/www.komarno.com\/hu\/wp-json\/wp\/v2\/pages\/91\/revisions"}],"predecessor-version":[{"id":129,"href":"https:\/\/www.komarno.com\/hu\/wp-json\/wp\/v2\/pages\/91\/revisions\/129"}],"up":[{"embeddable":true,"href":"https:\/\/www.komarno.com\/hu\/wp-json\/wp\/v2\/pages\/6"}],"wp:featuredmedia":[{"embeddable":true,"href":"https:\/\/www.komarno.com\/hu\/wp-json\/wp\/v2\/media\/92"}],"wp:attachment":[{"href":"https:\/\/www.komarno.com\/hu\/wp-json\/wp\/v2\/media?parent=91"}],"curies":[{"name":"wp","href":"https:\/\/api.w.org\/{rel}","templated":true}]}}