{"id":93,"date":"2013-07-02T19:43:07","date_gmt":"2013-07-02T17:43:07","guid":{"rendered":"http:\/\/www.komarno.com\/hu\/?page_id=93"},"modified":"2013-07-02T19:43:16","modified_gmt":"2013-07-02T17:43:16","slug":"europa-udvar","status":"publish","type":"page","link":"https:\/\/www.komarno.com\/hu\/kis-korut\/europa-udvar\/","title":{"rendered":"10 Eur\u00f3pa udvar"},"content":{"rendered":"<div class=\"fcbkbttn_buttons_block\" id=\"fcbkbttn_left\"><div class=\"fcbkbttn_like \"><fb:like href=\"https:\/\/www.komarno.com\/hu\/kis-korut\/europa-udvar\/\" action=\"like\" colorscheme=\"light\" layout=\"button_count\"  size=\"small\"><\/fb:like><\/div><\/div><p><a href=\"http:\/\/www.komarno.com\/sk\/wp-content\/uploads\/sites\/2\/2013\/06\/Nadvorie_Europy.jpg\"><img loading=\"lazy\" decoding=\"async\" class=\" wp-image-279 alignleft\" title=\"Eur\u00f3pa udvar\" alt=\"\" src=\"http:\/\/www.komarno.com\/sk\/wp-content\/uploads\/sites\/2\/2013\/06\/Nadvorie_Europy-300x198.jpg\" width=\"180\" height=\"119\" \/><\/a>Az <strong>Eur\u00f3pa udvar<\/strong> \u00e9p\u00edt\u00e9se 1999-ben kezd\u0151d\u00f6tt, azonban befejezetlen maradt. Az eur\u00f3pai orsz\u00e1gok \u00e9s r\u00e9gi\u00f3k \u00e1ltal inspir\u00e1lt \u00e9p\u00fcleteken\u00a0k\u00edv\u00fcl az udvar \u00e9rdekess\u00e9gei k\u00f6z\u00e9 tartozik az uralkod\u00f3kat \u00e9s t\u00f6rt\u00e9nelmi szem\u00e9lyis\u00e9geket \u00e1br\u00e1zol\u00f3 szobrok. L\u00e1togassa meg az\u00a0\u00fan. <strong>N\u00e9met h\u00e1z<\/strong>at. Az \u00e9p\u00fclet, amely m\u00e1r a 17. sz\u00e1zadban is itt \u00e1llt, az 1800-1827 \u00e9vekben v\u00e1rosi sz\u00ednh\u00e1zk\u00e9nt, majd k\u00e9s\u0151bb zsinag\u00f3gak\u00e9nt\u00a0m\u0171k\u00f6d\u00f6tt. A N\u00e9met h\u00e1z homlokzat\u00e1t a zsinag\u00f3ga bels\u0151 fest\u00e9szeti d\u00edsz\u00edt\u00e9sei ihlett\u00e9k. A h\u00e1z m\u00f6g\u00f6tt faragott <strong>harangl\u00e1bat<\/strong> helyeztek el.\u00a0Talapzata t\u00f6r\u00f6tt l\u00e9pcs\u0151kb\u0151l, talapzatokb\u00f3l \u00e9s v\u00f6r\u00f6s m\u00e9szk\u0151 s\u00edrk\u00f6vekb\u0151l \u00e9p\u00fclt, amelyet a k\u00f6zeli S\u00fctt\u0151ben \u00e9s Tardoson b\u00e1ny\u00e1sztak. Az udvarba\u00a0vezet\u0151 j\u00e1rda mellett \u00e1ll az Anglia parki <strong>zenepavilon<\/strong> m\u00e1solata. \u00c9rdekes \u00e9s bonyolultan megk\u00f6zel\u00edthet\u0151 eml\u00e9km\u0171 a Krisztus el\u0151tti\u00a01. sz\u00e1zadb\u00f3l sz\u00e1rmaz\u00f3 h\u00e9t kelta fazekas kemence, amelyet az udvar \u00e9p\u00edt\u00e9se sor\u00e1n t\u00e1rtak fel. Az alagsorban tal\u00e1lhat\u00f3k.<\/p>\n","protected":false},"excerpt":{"rendered":"<p>Az Eur\u00f3pa udvar \u00e9p\u00edt\u00e9se 1999-ben kezd\u0151d\u00f6tt, azonban befejezetlen maradt. Az eur\u00f3pai orsz\u00e1gok \u00e9s r\u00e9gi\u00f3k \u00e1ltal inspir\u00e1lt \u00e9p\u00fcleteken\u00a0k\u00edv\u00fcl az udvar \u00e9rdekess\u00e9gei k\u00f6z\u00e9 tartozik az uralkod\u00f3kat \u00e9s t\u00f6rt\u00e9nelmi szem\u00e9lyis\u00e9geket \u00e1br\u00e1zol\u00f3 szobrok. L\u00e1togassa meg az\u00a0\u00fan. N\u00e9met h\u00e1zat. Az \u00e9p\u00fclet, amely m\u00e1r a 17. sz\u00e1zadban is itt \u00e1llt, az 1800-1827 \u00e9vekben v\u00e1rosi sz\u00ednh\u00e1zk\u00e9nt, majd k\u00e9s\u0151bb zsinag\u00f3gak\u00e9nt\u00a0m\u0171k\u00f6d\u00f6tt. A N\u00e9met h\u00e1z [&hellip;]<\/p>\n","protected":false},"author":1,"featured_media":94,"parent":6,"menu_order":10,"comment_status":"closed","ping_status":"closed","template":"","meta":{"footnotes":""},"class_list":["post-93","page","type-page","status-publish","has-post-thumbnail","hentry"],"_links":{"self":[{"href":"https:\/\/www.komarno.com\/hu\/wp-json\/wp\/v2\/pages\/93","targetHints":{"allow":["GET"]}}],"collection":[{"href":"https:\/\/www.komarno.com\/hu\/wp-json\/wp\/v2\/pages"}],"about":[{"href":"https:\/\/www.komarno.com\/hu\/wp-json\/wp\/v2\/types\/page"}],"author":[{"embeddable":true,"href":"https:\/\/www.komarno.com\/hu\/wp-json\/wp\/v2\/users\/1"}],"replies":[{"embeddable":true,"href":"https:\/\/www.komarno.com\/hu\/wp-json\/wp\/v2\/comments?post=93"}],"version-history":[{"count":2,"href":"https:\/\/www.komarno.com\/hu\/wp-json\/wp\/v2\/pages\/93\/revisions"}],"predecessor-version":[{"id":133,"href":"https:\/\/www.komarno.com\/hu\/wp-json\/wp\/v2\/pages\/93\/revisions\/133"}],"up":[{"embeddable":true,"href":"https:\/\/www.komarno.com\/hu\/wp-json\/wp\/v2\/pages\/6"}],"wp:featuredmedia":[{"embeddable":true,"href":"https:\/\/www.komarno.com\/hu\/wp-json\/wp\/v2\/media\/94"}],"wp:attachment":[{"href":"https:\/\/www.komarno.com\/hu\/wp-json\/wp\/v2\/media?parent=93"}],"curies":[{"name":"wp","href":"https:\/\/api.w.org\/{rel}","templated":true}]}}