{"id":96,"date":"2013-07-02T19:52:55","date_gmt":"2013-07-02T17:52:55","guid":{"rendered":"http:\/\/www.komarno.com\/hu\/?page_id=96"},"modified":"2013-07-04T19:47:50","modified_gmt":"2013-07-04T17:47:50","slug":"b-ut-a-var-korul","status":"publish","type":"page","link":"https:\/\/www.komarno.com\/hu\/nagy-korut\/b-ut-a-var-korul\/","title":{"rendered":"B &#8211; \u00dat a V\u00e1r kor\u00fcl &#8211; a Duna \u00e9s a V\u00e1g foly\u00f3k tal\u00e1lkoz\u00e1sa"},"content":{"rendered":"<div class=\"fcbkbttn_buttons_block\" id=\"fcbkbttn_left\"><div class=\"fcbkbttn_like \"><fb:like href=\"https:\/\/www.komarno.com\/hu\/nagy-korut\/b-ut-a-var-korul\/\" action=\"like\" colorscheme=\"light\" layout=\"button_count\"  size=\"small\"><\/fb:like><\/div><\/div><p><span style=\"line-height: 1.6; font-size: 1.3rem;\">Az er\u0151d megtekint\u00e9se a\u00a0\u201cPRO CASTELLO COMAROMIENSI\u201d \u00e1ltal lehets\u00e9ges. Tov\u00e1bbi inform\u00e1ci\u00f3\u00e9rt\u00a0<\/span><a style=\"line-height: 1.6; font-size: 1.3rem;\" href=\"http:\/\/www.komarno.sk\/prehliadka-pevnosti_4260.html\">kattintson ide<\/a><span style=\"line-height: 1.6; font-size: 1.3rem;\">.<\/span><\/p>\n<p><a style=\"line-height: 1.6; font-size: 1.3rem;\" href=\"http:\/\/www.komarno.com\/sk\/wp-content\/uploads\/sites\/2\/2013\/06\/elektrarenska-cesta.jpg\"><img loading=\"lazy\" decoding=\"async\" class=\"alignnone  wp-image-286\" title=\"\u00dat a V\u00e1r kor\u00fcl\" alt=\"\" src=\"http:\/\/www.komarno.com\/sk\/wp-content\/uploads\/sites\/2\/2013\/06\/elektrarenska-cesta-300x198.jpg\" width=\"240\" height=\"158\" \/><\/a><\/p>\n<p><a href=\"http:\/\/www.komarno.com\/sk\/wp-content\/uploads\/sites\/2\/2013\/06\/sutok-Dunaja-a-Vahu.jpg\"><img loading=\"lazy\" decoding=\"async\" class=\"alignnone  wp-image-287\" title=\"Duna \u00e9s a V\u00e1g foly\u00f3k tal\u00e1lkoz\u00e1sa\" alt=\"\" src=\"http:\/\/www.komarno.com\/sk\/wp-content\/uploads\/sites\/2\/2013\/06\/sutok-Dunaja-a-Vahu-300x198.jpg\" width=\"240\" height=\"158\" \/><\/a><\/p>\n","protected":false},"excerpt":{"rendered":"<p>Az er\u0151d megtekint\u00e9se a\u00a0\u201cPRO CASTELLO COMAROMIENSI\u201d \u00e1ltal lehets\u00e9ges. Tov\u00e1bbi inform\u00e1ci\u00f3\u00e9rt\u00a0kattintson ide.<\/p>\n","protected":false},"author":1,"featured_media":97,"parent":62,"menu_order":2,"comment_status":"closed","ping_status":"closed","template":"","meta":{"footnotes":""},"class_list":["post-96","page","type-page","status-publish","has-post-thumbnail","hentry"],"_links":{"self":[{"href":"https:\/\/www.komarno.com\/hu\/wp-json\/wp\/v2\/pages\/96","targetHints":{"allow":["GET"]}}],"collection":[{"href":"https:\/\/www.komarno.com\/hu\/wp-json\/wp\/v2\/pages"}],"about":[{"href":"https:\/\/www.komarno.com\/hu\/wp-json\/wp\/v2\/types\/page"}],"author":[{"embeddable":true,"href":"https:\/\/www.komarno.com\/hu\/wp-json\/wp\/v2\/users\/1"}],"replies":[{"embeddable":true,"href":"https:\/\/www.komarno.com\/hu\/wp-json\/wp\/v2\/comments?post=96"}],"version-history":[{"count":4,"href":"https:\/\/www.komarno.com\/hu\/wp-json\/wp\/v2\/pages\/96\/revisions"}],"predecessor-version":[{"id":192,"href":"https:\/\/www.komarno.com\/hu\/wp-json\/wp\/v2\/pages\/96\/revisions\/192"}],"up":[{"embeddable":true,"href":"https:\/\/www.komarno.com\/hu\/wp-json\/wp\/v2\/pages\/62"}],"wp:featuredmedia":[{"embeddable":true,"href":"https:\/\/www.komarno.com\/hu\/wp-json\/wp\/v2\/media\/97"}],"wp:attachment":[{"href":"https:\/\/www.komarno.com\/hu\/wp-json\/wp\/v2\/media?parent=96"}],"curies":[{"name":"wp","href":"https:\/\/api.w.org\/{rel}","templated":true}]}}