{"id":98,"date":"2013-07-02T19:54:03","date_gmt":"2013-07-02T17:54:03","guid":{"rendered":"http:\/\/www.komarno.com\/hu\/?page_id=98"},"modified":"2013-07-02T19:54:03","modified_gmt":"2013-07-02T17:54:03","slug":"c-kerekparutvonal","status":"publish","type":"page","link":"https:\/\/www.komarno.com\/hu\/nagy-korut\/c-kerekparutvonal\/","title":{"rendered":"C &#8211; Ker\u00e9kp\u00e1r\u00fatvonal"},"content":{"rendered":"<div class=\"fcbkbttn_buttons_block\" id=\"fcbkbttn_left\"><div class=\"fcbkbttn_like \"><fb:like href=\"https:\/\/www.komarno.com\/hu\/nagy-korut\/c-kerekparutvonal\/\" action=\"like\" colorscheme=\"light\" layout=\"button_count\"  size=\"small\"><\/fb:like><\/div><\/div><p><a href=\"http:\/\/www.komarno.com\/sk\/wp-content\/uploads\/sites\/2\/2013\/06\/cyklotrasa.jpg\"><img loading=\"lazy\" decoding=\"async\" class=\"alignnone size-medium wp-image-295\" title=\"Ker\u00e9kp\u00e1r\u00fatvonal\" alt=\"\" src=\"http:\/\/www.komarno.com\/sk\/wp-content\/uploads\/sites\/2\/2013\/06\/cyklotrasa-300x136.jpg\" width=\"300\" height=\"136\" \/><\/a><\/p>\n<p>&nbsp;<\/p>\n","protected":false},"excerpt":{"rendered":"<p>&nbsp;<\/p>\n","protected":false},"author":1,"featured_media":99,"parent":62,"menu_order":3,"comment_status":"closed","ping_status":"closed","template":"","meta":{"footnotes":""},"class_list":["post-98","page","type-page","status-publish","has-post-thumbnail","hentry"],"_links":{"self":[{"href":"https:\/\/www.komarno.com\/hu\/wp-json\/wp\/v2\/pages\/98","targetHints":{"allow":["GET"]}}],"collection":[{"href":"https:\/\/www.komarno.com\/hu\/wp-json\/wp\/v2\/pages"}],"about":[{"href":"https:\/\/www.komarno.com\/hu\/wp-json\/wp\/v2\/types\/page"}],"author":[{"embeddable":true,"href":"https:\/\/www.komarno.com\/hu\/wp-json\/wp\/v2\/users\/1"}],"replies":[{"embeddable":true,"href":"https:\/\/www.komarno.com\/hu\/wp-json\/wp\/v2\/comments?post=98"}],"version-history":[{"count":1,"href":"https:\/\/www.komarno.com\/hu\/wp-json\/wp\/v2\/pages\/98\/revisions"}],"predecessor-version":[{"id":143,"href":"https:\/\/www.komarno.com\/hu\/wp-json\/wp\/v2\/pages\/98\/revisions\/143"}],"up":[{"embeddable":true,"href":"https:\/\/www.komarno.com\/hu\/wp-json\/wp\/v2\/pages\/62"}],"wp:featuredmedia":[{"embeddable":true,"href":"https:\/\/www.komarno.com\/hu\/wp-json\/wp\/v2\/media\/99"}],"wp:attachment":[{"href":"https:\/\/www.komarno.com\/hu\/wp-json\/wp\/v2\/media?parent=98"}],"curies":[{"name":"wp","href":"https:\/\/api.w.org\/{rel}","templated":true}]}}