{"id":15,"date":"2013-06-01T13:28:09","date_gmt":"2013-06-01T11:28:09","guid":{"rendered":"http:\/\/www.komarno.com\/sk\/?page_id=15"},"modified":"2013-07-04T19:49:37","modified_gmt":"2013-07-04T17:49:37","slug":"nova-pevnost","status":"publish","type":"page","link":"https:\/\/www.komarno.com\/sk\/mala-cesta\/nova-pevnost\/","title":{"rendered":"3 Nov\u00e1 pevnos\u0165"},"content":{"rendered":"<div class=\"fcbkbttn_buttons_block\" id=\"fcbkbttn_left\"><div class=\"fcbkbttn_like \"><fb:like href=\"https:\/\/www.komarno.com\/sk\/mala-cesta\/nova-pevnost\/\" action=\"like\" colorscheme=\"light\" layout=\"button_count\"  size=\"small\"><\/fb:like><\/div><\/div><p><b><a href=\"http:\/\/www.komarno.com\/sk\/wp-content\/uploads\/sites\/2\/2013\/06\/panna-male.jpg\"><img loading=\"lazy\" decoding=\"async\" class=\" wp-image-208 alignleft\" title=\"Nec arte, nec marte\" alt=\"\" src=\"http:\/\/www.komarno.com\/sk\/wp-content\/uploads\/sites\/2\/2013\/06\/panna-male-198x300.jpg\" width=\"119\" height=\"180\" srcset=\"https:\/\/www.komarno.com\/sk\/wp-content\/uploads\/sites\/2\/2013\/06\/panna-male-198x300.jpg 198w, https:\/\/www.komarno.com\/sk\/wp-content\/uploads\/sites\/2\/2013\/06\/panna-male-300x452.jpg 300w, https:\/\/www.komarno.com\/sk\/wp-content\/uploads\/sites\/2\/2013\/06\/panna-male.jpg 424w\" sizes=\"auto, (max-width: 119px) 100vw, 119px\" \/><\/a>Nov\u00e1 pevnos\u0165<\/b> je s\u00fa\u010das\u0165ou <b>Kom\u00e1r\u0148ansk\u00e9ho pevnostn\u00e9ho syst\u00e9mu, <\/b> najv\u00e4\u010d\u0161ej obrannej stavby rak\u00fasko-uhorskej monarchie. Jeho najstar\u0161ia \u010das\u0165 (Star\u00e1 pevnos\u0165) sa za\u010dala budova\u0165 v r. 1546 na obranu proti Osmanskej r\u00ed\u0161i. V r. 1663-1673 bola posilnen\u00e1 pristavan\u00edm Novej pevnosti, do ktorej sa vstupuje <b> cez Leopoldovu br\u00e1nu<\/b> pomenovan\u00fa pod\u013ea uhorsk\u00e9ho panovn\u00edka Leopolda I.\u00a0Ne\u010faleko Leopodlovej br\u00e1ny sa nach\u00e1dza symbol nedobytnosti pevnosti &#8211; socha kamennej panny s n\u00e1pisom \u201cNec arte, nec marte\u201d &#8211; Ani silou, ani ls\u0165ou.\u00a0<span>Pevnostn\u00fd syst\u00e9m bol dokon\u010den\u00fd v 19. st. a\u00a0 postupne str\u00e1cal svoju obrann\u00fa funkciu. V 20. st. boli Star\u00e1 a Nov\u00e1 pevnos\u0165 vyu\u017e\u00edvan\u00e9 najm\u00e4 ako arm\u00e1dne sklady, k ich zl\u00e9mu s\u00fa\u010dasn\u00e9mu stavu prispelo aj ne\u0161etrn\u00e9 vyu\u017e\u00edvanie sovietskou okupa\u010dnou arm\u00e1dou v r. 1968-91.<\/span><\/p>\n<p>Prehliadky pevnosti organizuje &#8222;PRO CASTELLO COMAROMIENSI&#8220;. Viac inform\u00e1ci\u00ed n\u00e1jdete <a title=\"Prehliadka pevnosti\" href=\"http:\/\/www.komarno.sk\/prehliadka-pevnosti_4260.html\">tu<\/a>.<\/p>\n<p>Kom\u00e1rno je centrom ma\u010farskej men\u0161iny na Slovensku a od roku 2004 aj s\u00eddlom <b> \u00a0 Univerzity J\u00e1nosa Selyeho, <\/b>ktorej hlavn\u00fdm vyu\u010dovac\u00edm jazykom je ma\u010far\u010dina. Na jej 3 fakult\u00e1ch \u0161tuduje cca 2400 \u0161tudentov. Univerzita je pomenovan\u00e1 pod\u013ea v\u00fdznamn\u00e9ho endokrinol\u00f3ga J. Selyeho, ktor\u00fd pre\u017eil svoje detstvo v Kom\u00e1rne.<\/p>\n<p><a href=\"http:\/\/www.komarno.com\/sk\/wp-content\/uploads\/sites\/2\/2013\/06\/Univerzita_Selyeho.jpg\"><img loading=\"lazy\" decoding=\"async\" class=\"alignnone  wp-image-228\" title=\"Univerzita J. Selyeho\" alt=\"Univerzita J. Selyeho\" src=\"http:\/\/www.komarno.com\/sk\/wp-content\/uploads\/sites\/2\/2013\/06\/Univerzita_Selyeho-300x198.jpg\" width=\"180\" height=\"119\" srcset=\"https:\/\/www.komarno.com\/sk\/wp-content\/uploads\/sites\/2\/2013\/06\/Univerzita_Selyeho-300x198.jpg 300w, https:\/\/www.komarno.com\/sk\/wp-content\/uploads\/sites\/2\/2013\/06\/Univerzita_Selyeho-720x477.jpg 720w, https:\/\/www.komarno.com\/sk\/wp-content\/uploads\/sites\/2\/2013\/06\/Univerzita_Selyeho.jpg 800w\" sizes=\"auto, (max-width: 180px) 100vw, 180px\" \/><\/a><\/p>\n","protected":false},"excerpt":{"rendered":"<p>Nov\u00e1 pevnos\u0165 je s\u00fa\u010das\u0165ou Kom\u00e1r\u0148ansk\u00e9ho pevnostn\u00e9ho syst\u00e9mu, najv\u00e4\u010d\u0161ej obrannej stavby rak\u00fasko-uhorskej monarchie. Jeho najstar\u0161ia \u010das\u0165 (Star\u00e1 pevnos\u0165) sa za\u010dala budova\u0165 v r. 1546 na obranu proti Osmanskej r\u00ed\u0161i. V r. 1663-1673 bola posilnen\u00e1 pristavan\u00edm Novej pevnosti, do ktorej sa vstupuje cez Leopoldovu br\u00e1nu pomenovan\u00fa pod\u013ea uhorsk\u00e9ho panovn\u00edka Leopolda I.\u00a0Ne\u010faleko Leopodlovej br\u00e1ny sa nach\u00e1dza symbol nedobytnosti [&hellip;]<\/p>\n","protected":false},"author":1,"featured_media":207,"parent":8,"menu_order":3,"comment_status":"closed","ping_status":"closed","template":"","meta":{"footnotes":""},"class_list":["post-15","page","type-page","status-publish","has-post-thumbnail","hentry"],"_links":{"self":[{"href":"https:\/\/www.komarno.com\/sk\/wp-json\/wp\/v2\/pages\/15","targetHints":{"allow":["GET"]}}],"collection":[{"href":"https:\/\/www.komarno.com\/sk\/wp-json\/wp\/v2\/pages"}],"about":[{"href":"https:\/\/www.komarno.com\/sk\/wp-json\/wp\/v2\/types\/page"}],"author":[{"embeddable":true,"href":"https:\/\/www.komarno.com\/sk\/wp-json\/wp\/v2\/users\/1"}],"replies":[{"embeddable":true,"href":"https:\/\/www.komarno.com\/sk\/wp-json\/wp\/v2\/comments?post=15"}],"version-history":[{"count":24,"href":"https:\/\/www.komarno.com\/sk\/wp-json\/wp\/v2\/pages\/15\/revisions"}],"predecessor-version":[{"id":393,"href":"https:\/\/www.komarno.com\/sk\/wp-json\/wp\/v2\/pages\/15\/revisions\/393"}],"up":[{"embeddable":true,"href":"https:\/\/www.komarno.com\/sk\/wp-json\/wp\/v2\/pages\/8"}],"wp:featuredmedia":[{"embeddable":true,"href":"https:\/\/www.komarno.com\/sk\/wp-json\/wp\/v2\/media\/207"}],"wp:attachment":[{"href":"https:\/\/www.komarno.com\/sk\/wp-json\/wp\/v2\/media?parent=15"}],"curies":[{"name":"wp","href":"https:\/\/api.w.org\/{rel}","templated":true}]}}