{"id":302,"date":"2013-06-28T21:17:49","date_gmt":"2013-06-28T19:17:49","guid":{"rendered":"http:\/\/www.komarno.com\/sk\/?page_id=302"},"modified":"2013-07-03T22:55:02","modified_gmt":"2013-07-03T20:55:02","slug":"dalsie-zaujimave-linky","status":"publish","type":"page","link":"https:\/\/www.komarno.com\/sk\/dalsie-zaujimave-linky\/","title":{"rendered":"\u010eal\u0161ie zauj\u00edmav\u00e9 linky"},"content":{"rendered":"<div class=\"fcbkbttn_buttons_block\" id=\"fcbkbttn_left\"><div class=\"fcbkbttn_like \"><fb:like href=\"https:\/\/www.komarno.com\/sk\/dalsie-zaujimave-linky\/\" action=\"like\" colorscheme=\"light\" layout=\"button_count\"  size=\"small\"><\/fb:like><\/div><\/div><table>\n<tbody>\n<tr>\n<td><a href=\"http:\/\/www.komarno.sk\/index.php?lang=slovak\"><img loading=\"lazy\" decoding=\"async\" class=\"size-thumbnail wp-image-308 alignnone\" style=\"font-size: 1.3rem; line-height: 1;\" title=\"www.komarno.sk\" alt=\"\" src=\"http:\/\/www.komarno.com\/sk\/wp-content\/uploads\/sites\/2\/2013\/06\/oficialna-stranka-mesta-150x150.jpg\" width=\"150\" height=\"150\" \/><\/a><\/td>\n<td style=\"vertical-align: top;\">Ofici\u00e1lna str\u00e1nka mesta Kom\u00e1rno na <a title=\"www.komarno.sk\" href=\"http:\/\/www.komarno.sk\/index.php?lang=slovak\">www.komarno.sk<\/a><\/td>\n<\/tr>\n<tr>\n<td><a href=\"http:\/\/www.visitkomarno.sk\" target=\"_blank\"><img loading=\"lazy\" decoding=\"async\" class=\" wp-image-311 alignnone\" title=\"www.visitkomarno.sk\" alt=\"\" src=\"http:\/\/www.komarno.com\/sk\/wp-content\/uploads\/sites\/2\/2013\/06\/visitkomarno-150x150.jpg\" width=\"150\" height=\"150\" \/><\/a><\/td>\n<td style=\"vertical-align: top;\">Zauj\u00edmavosti mesta a jeho okolia na\u00a0<a title=\"www.visitkomarno.sk\" href=\"http:\/\/www.visitkomarno.sk\">www.visitkomarno.sk<\/a><\/td>\n<\/tr>\n<tr>\n<td><a href=\"http:\/\/www.pevnost-komarno.sk\/\" target=\"_blank\"><img loading=\"lazy\" decoding=\"async\" class=\"size-thumbnail wp-image-313 alignnone\" title=\"http:\/\/www.pevnost-komarno.sk\/\" alt=\"\" src=\"http:\/\/www.komarno.com\/sk\/wp-content\/uploads\/sites\/2\/2013\/06\/pevnostkomarno-150x150.jpg\" width=\"150\" height=\"150\" \/><\/a><\/td>\n<td style=\"vertical-align: top;\">V\u0161etko o Kom\u00e1r\u0148anskom pevnostnom syst\u00e9me na<br \/>\n<a title=\"www.pevnost-komarno.sk\" href=\"http:\/\/www.pevnost-komarno.sk\/\">www.pevnost-komarno.sk<\/a><\/td>\n<\/tr>\n<tr>\n<td><a href=\"http:\/\/ahojkomarno.sk\/spravy\/\"><img loading=\"lazy\" decoding=\"async\" class=\"alignnone size-thumbnail wp-image-386\" alt=\"http:\/\/ahojkomarno.sk\/\" src=\"http:\/\/www.komarno.com\/sk\/wp-content\/uploads\/sites\/2\/2013\/06\/ahojkomarno-150x150.png\" width=\"150\" height=\"150\" \/><\/a><\/td>\n<td style=\"vertical-align: top;\"><a href=\"http:\/\/ahojkomarno.sk\/spravy\/\">Ahoj Kom\u00e1rno.sk<\/a><\/td>\n<\/tr>\n<\/tbody>\n<\/table>\n<p>&nbsp;<\/p>\n","protected":false},"excerpt":{"rendered":"<p>Ofici\u00e1lna str\u00e1nka mesta Kom\u00e1rno na www.komarno.sk Zauj\u00edmavosti mesta a jeho okolia na\u00a0www.visitkomarno.sk V\u0161etko o Kom\u00e1r\u0148anskom pevnostnom syst\u00e9me na www.pevnost-komarno.sk Ahoj Kom\u00e1rno.sk &nbsp;<\/p>\n","protected":false},"author":1,"featured_media":308,"parent":0,"menu_order":4,"comment_status":"closed","ping_status":"closed","template":"","meta":{"footnotes":""},"class_list":["post-302","page","type-page","status-publish","has-post-thumbnail","hentry"],"_links":{"self":[{"href":"https:\/\/www.komarno.com\/sk\/wp-json\/wp\/v2\/pages\/302","targetHints":{"allow":["GET"]}}],"collection":[{"href":"https:\/\/www.komarno.com\/sk\/wp-json\/wp\/v2\/pages"}],"about":[{"href":"https:\/\/www.komarno.com\/sk\/wp-json\/wp\/v2\/types\/page"}],"author":[{"embeddable":true,"href":"https:\/\/www.komarno.com\/sk\/wp-json\/wp\/v2\/users\/1"}],"replies":[{"embeddable":true,"href":"https:\/\/www.komarno.com\/sk\/wp-json\/wp\/v2\/comments?post=302"}],"version-history":[{"count":23,"href":"https:\/\/www.komarno.com\/sk\/wp-json\/wp\/v2\/pages\/302\/revisions"}],"predecessor-version":[{"id":307,"href":"https:\/\/www.komarno.com\/sk\/wp-json\/wp\/v2\/pages\/302\/revisions\/307"}],"wp:featuredmedia":[{"embeddable":true,"href":"https:\/\/www.komarno.com\/sk\/wp-json\/wp\/v2\/media\/308"}],"wp:attachment":[{"href":"https:\/\/www.komarno.com\/sk\/wp-json\/wp\/v2\/media?parent=302"}],"curies":[{"name":"wp","href":"https:\/\/api.w.org\/{rel}","templated":true}]}}