{"id":31,"date":"2013-06-01T13:33:10","date_gmt":"2013-06-01T11:33:10","guid":{"rendered":"http:\/\/www.komarno.com\/sk\/?page_id=31"},"modified":"2013-07-01T23:31:28","modified_gmt":"2013-07-01T21:31:28","slug":"nadvorie-europy","status":"publish","type":"page","link":"https:\/\/www.komarno.com\/sk\/mala-cesta\/nadvorie-europy\/","title":{"rendered":"10 N\u00e1dvorie Eur\u00f3py"},"content":{"rendered":"<div class=\"fcbkbttn_buttons_block\" id=\"fcbkbttn_left\"><div class=\"fcbkbttn_like \"><fb:like href=\"https:\/\/www.komarno.com\/sk\/mala-cesta\/nadvorie-europy\/\" action=\"like\" colorscheme=\"light\" layout=\"button_count\"  size=\"small\"><\/fb:like><\/div><\/div><p><a href=\"http:\/\/www.komarno.com\/sk\/wp-content\/uploads\/sites\/2\/2013\/06\/Nadvorie_Europy.jpg\"><img loading=\"lazy\" decoding=\"async\" class=\" wp-image-279 alignleft\" title=\"N\u00e1dvorie Eur\u00f3py\" alt=\"\" src=\"http:\/\/www.komarno.com\/sk\/wp-content\/uploads\/sites\/2\/2013\/06\/Nadvorie_Europy-300x198.jpg\" width=\"180\" height=\"119\" srcset=\"https:\/\/www.komarno.com\/sk\/wp-content\/uploads\/sites\/2\/2013\/06\/Nadvorie_Europy-300x198.jpg 300w, https:\/\/www.komarno.com\/sk\/wp-content\/uploads\/sites\/2\/2013\/06\/Nadvorie_Europy.jpg 640w\" sizes=\"auto, (max-width: 180px) 100vw, 180px\" \/><\/a>V\u00fdstavba <b>N\u00e1dvoria Eur\u00f3py<\/b> sa za\u010dala v r. 1999, n\u00e1dvorie v\u0161ak ostalo nedokon\u010den\u00e9. Okrem budov in\u0161pirovan\u00fdch krajinami a regi\u00f3nmi Eur\u00f3py je n\u00e1dvorie zauj\u00edmav\u00e9 sochami panovn\u00edkov a historick\u00fdch osobnost\u00ed. Neprehliadnite tzv. <b>Nemeck\u00fd dom<\/b>. Budovu, ktor\u00e1 tu st\u00e1la u\u017e v 17. st., vyu\u017e\u00edvali v r. 1800-27 ako mestsk\u00e9 divadlo a nesk\u00f4r ako synag\u00f3gu. Vitr\u00e1\u017ee na prie\u010del\u00ed Nemeck\u00e9ho domu boli in\u0161pirovan\u00e9 pr\u00e1ve maliarskou v\u00fdzdobou interi\u00e9ru synag\u00f3gy. Za Nemeck\u00fdm domom je in\u0161talovan\u00e1 vyrez\u00e1van\u00e1 <b>zvonica<\/b>. Jej podstavec bol vytvoren\u00fd z\u00a0 po\u0161koden\u00fdch schodov, podstavcov a n\u00e1hrobn\u00edkov z \u010derven\u00e9ho v\u00e1penca, ktor\u00fd sa \u0165a\u017e\u00ed v bl\u00edzkom S\u00fctt\u0151 a Tardosi (HU). Popri chodn\u00edku ved\u00facom na n\u00e1dvorie stoj\u00ed <b>k\u00f3pia hudobn\u00e9ho pavil\u00f3nu <\/b>z parku Anglia. Zauj\u00edmavou a bohu\u017eia\u013e prakticky nespr\u00edstupnenou pamiatkou je sedem keltsk\u00fdch hrn\u010diarskych pec\u00ed z 1. st. pred Kr., ktor\u00e9 boli objaven\u00e9 po\u010das v\u00fdstavby n\u00e1dvoria. Nach\u00e1dzaj\u00fa sa v jeho podzem\u00ed.<\/p>\n","protected":false},"excerpt":{"rendered":"<p>V\u00fdstavba N\u00e1dvoria Eur\u00f3py sa za\u010dala v r. 1999, n\u00e1dvorie v\u0161ak ostalo nedokon\u010den\u00e9. Okrem budov in\u0161pirovan\u00fdch krajinami a regi\u00f3nmi Eur\u00f3py je n\u00e1dvorie zauj\u00edmav\u00e9 sochami panovn\u00edkov a historick\u00fdch osobnost\u00ed. Neprehliadnite tzv. Nemeck\u00fd dom. Budovu, ktor\u00e1 tu st\u00e1la u\u017e v 17. st., vyu\u017e\u00edvali v r. 1800-27 ako mestsk\u00e9 divadlo a nesk\u00f4r ako synag\u00f3gu. Vitr\u00e1\u017ee na prie\u010del\u00ed Nemeck\u00e9ho domu [&hellip;]<\/p>\n","protected":false},"author":1,"featured_media":277,"parent":8,"menu_order":10,"comment_status":"closed","ping_status":"closed","template":"","meta":{"footnotes":""},"class_list":["post-31","page","type-page","status-publish","has-post-thumbnail","hentry"],"_links":{"self":[{"href":"https:\/\/www.komarno.com\/sk\/wp-json\/wp\/v2\/pages\/31","targetHints":{"allow":["GET"]}}],"collection":[{"href":"https:\/\/www.komarno.com\/sk\/wp-json\/wp\/v2\/pages"}],"about":[{"href":"https:\/\/www.komarno.com\/sk\/wp-json\/wp\/v2\/types\/page"}],"author":[{"embeddable":true,"href":"https:\/\/www.komarno.com\/sk\/wp-json\/wp\/v2\/users\/1"}],"replies":[{"embeddable":true,"href":"https:\/\/www.komarno.com\/sk\/wp-json\/wp\/v2\/comments?post=31"}],"version-history":[{"count":7,"href":"https:\/\/www.komarno.com\/sk\/wp-json\/wp\/v2\/pages\/31\/revisions"}],"predecessor-version":[{"id":348,"href":"https:\/\/www.komarno.com\/sk\/wp-json\/wp\/v2\/pages\/31\/revisions\/348"}],"up":[{"embeddable":true,"href":"https:\/\/www.komarno.com\/sk\/wp-json\/wp\/v2\/pages\/8"}],"wp:featuredmedia":[{"embeddable":true,"href":"https:\/\/www.komarno.com\/sk\/wp-json\/wp\/v2\/media\/277"}],"wp:attachment":[{"href":"https:\/\/www.komarno.com\/sk\/wp-json\/wp\/v2\/media?parent=31"}],"curies":[{"name":"wp","href":"https:\/\/api.w.org\/{rel}","templated":true}]}}