{"id":33,"date":"2013-06-01T13:34:26","date_gmt":"2013-06-01T11:34:26","guid":{"rendered":"http:\/\/www.komarno.com\/sk\/?page_id=33"},"modified":"2013-07-03T21:35:13","modified_gmt":"2013-07-03T19:35:13","slug":"velka-cesta","status":"publish","type":"page","link":"https:\/\/www.komarno.com\/sk\/velka-cesta\/","title":{"rendered":"Ve\u013ek\u00e1 cesta"},"content":{"rendered":"<div class=\"fcbkbttn_buttons_block\" id=\"fcbkbttn_left\"><div class=\"fcbkbttn_like \"><fb:like href=\"https:\/\/www.komarno.com\/sk\/velka-cesta\/\" action=\"like\" colorscheme=\"light\" layout=\"button_count\"  size=\"small\"><\/fb:like><\/div><\/div><p><a title=\"A \u2013 N\u00e1mestie gener\u00e1la Klapku\" href=\"http:\/\/www.komarno.com\/sk\/velka-cesta\/a-namestie-generala-klapku\/\">A N\u00e1mestie gener\u00e1la Klapku<\/a><br \/>\n<a title=\"B \u2013 Cesta okolo Pevnosti, s\u00fatok Dunaja a V\u00e1hu\" href=\"http:\/\/www.komarno.com\/sk\/velka-cesta\/b-cesta-okolo-pevnosti-sutok-dunaja-a-vahu\/\">B Cesta okolo Pevnosti, s\u00fatok Dunaja a V\u00e1hu<\/a><br \/>\n<a title=\"C \u2013 Cyklotrasa\" href=\"http:\/\/www.komarno.com\/sk\/velka-cesta\/c-cyklotrasa\/\">C Cyklotrasa<\/a><br \/>\n<a title=\"D \u2013 Basti\u00f3n V. a Lapid\u00e1rium\" href=\"http:\/\/www.komarno.com\/sk\/velka-cesta\/d-bastion-v-a-lapidarium\/\">D Basti\u00f3n V. a Lapid\u00e1rium<\/a><\/p>\n<p><iframe loading=\"lazy\" src=\"https:\/\/maps.google.sk\/maps\/ms?msa=0&amp;msid=209862301729274651671.0004e08cb2abaefa91234&amp;ie=UTF8&amp;t=h&amp;ll=47.76604,18.13253&amp;spn=0.030403,0.021856&amp;output=embed\" height=\"600\" width=\"600\" frameborder=\"0\" marginwidth=\"0\" marginheight=\"0\" scrolling=\"no\"><\/iframe><br \/>\nZobrazi\u0165 <strong>Ve\u013ek\u00fa cestu<\/strong>\u00a0<a style=\"color: #0000ff; text-align: left;\" href=\"https:\/\/maps.google.sk\/maps\/ms?msa=0&amp;msid=209862301729274651671.0004e08cb2abaefa91234&amp;ie=UTF8&amp;t=h&amp;ll=47.76604,18.13253&amp;spn=0.030403,0.021856&amp;source=embed\">na v\u00e4\u010d\u0161ej mape<\/a>.<\/p>\n","protected":false},"excerpt":{"rendered":"<p>A N\u00e1mestie gener\u00e1la Klapku B Cesta okolo Pevnosti, s\u00fatok Dunaja a V\u00e1hu C Cyklotrasa D Basti\u00f3n V. a Lapid\u00e1rium Zobrazi\u0165 Ve\u013ek\u00fa cestu\u00a0na v\u00e4\u010d\u0161ej mape.<\/p>\n","protected":false},"author":1,"featured_media":0,"parent":0,"menu_order":2,"comment_status":"closed","ping_status":"closed","template":"","meta":{"footnotes":""},"class_list":["post-33","page","type-page","status-publish","hentry"],"_links":{"self":[{"href":"https:\/\/www.komarno.com\/sk\/wp-json\/wp\/v2\/pages\/33","targetHints":{"allow":["GET"]}}],"collection":[{"href":"https:\/\/www.komarno.com\/sk\/wp-json\/wp\/v2\/pages"}],"about":[{"href":"https:\/\/www.komarno.com\/sk\/wp-json\/wp\/v2\/types\/page"}],"author":[{"embeddable":true,"href":"https:\/\/www.komarno.com\/sk\/wp-json\/wp\/v2\/users\/1"}],"replies":[{"embeddable":true,"href":"https:\/\/www.komarno.com\/sk\/wp-json\/wp\/v2\/comments?post=33"}],"version-history":[{"count":16,"href":"https:\/\/www.komarno.com\/sk\/wp-json\/wp\/v2\/pages\/33\/revisions"}],"predecessor-version":[{"id":383,"href":"https:\/\/www.komarno.com\/sk\/wp-json\/wp\/v2\/pages\/33\/revisions\/383"}],"wp:attachment":[{"href":"https:\/\/www.komarno.com\/sk\/wp-json\/wp\/v2\/media?parent=33"}],"curies":[{"name":"wp","href":"https:\/\/api.w.org\/{rel}","templated":true}]}}