{"id":37,"date":"2013-06-01T13:35:58","date_gmt":"2013-06-01T11:35:58","guid":{"rendered":"http:\/\/www.komarno.com\/sk\/?page_id=37"},"modified":"2013-07-04T19:50:08","modified_gmt":"2013-07-04T17:50:08","slug":"b-cesta-okolo-pevnosti-sutok-dunaja-a-vahu","status":"publish","type":"page","link":"https:\/\/www.komarno.com\/sk\/velka-cesta\/b-cesta-okolo-pevnosti-sutok-dunaja-a-vahu\/","title":{"rendered":"B &#8211; Cesta okolo Pevnosti, s\u00fatok Dunaja a V\u00e1hu"},"content":{"rendered":"<div class=\"fcbkbttn_buttons_block\" id=\"fcbkbttn_left\"><div class=\"fcbkbttn_like \"><fb:like href=\"https:\/\/www.komarno.com\/sk\/velka-cesta\/b-cesta-okolo-pevnosti-sutok-dunaja-a-vahu\/\" action=\"like\" colorscheme=\"light\" layout=\"button_count\"  size=\"small\"><\/fb:like><\/div><\/div><p><span style=\"line-height: 1.6; font-size: 1.3rem;\">Prehliadky pevnosti organizuje \u201cPRO CASTELLO COMAROMIENSI\u201d. Viac inform\u00e1ci\u00ed n\u00e1jdete\u00a0<\/span><a href=\"http:\/\/www.komarno.com\/sk\/wp-content\/uploads\/sites\/2\/2013\/06\/elektrarenska-cesta.jpg\"><a style=\"line-height: 1.6; font-size: 1.3rem;\" title=\"Prehliadka pevnosti\" href=\"http:\/\/www.komarno.sk\/prehliadka-pevnosti_4260.html\">tu<\/a><span style=\"line-height: 1.6; font-size: 1.3rem;\">.<\/span><\/a><\/p>\n<p><a style=\"line-height: 1.6; font-size: 1.3rem;\" href=\"http:\/\/www.komarno.com\/sk\/wp-content\/uploads\/sites\/2\/2013\/06\/elektrarenska-cesta.jpg\"><img loading=\"lazy\" decoding=\"async\" class=\"alignnone  wp-image-286\" title=\"Elektr\u00e1rensk\u00e1 cesta okolo Pevnosti\" alt=\"\" src=\"http:\/\/www.komarno.com\/sk\/wp-content\/uploads\/sites\/2\/2013\/06\/elektrarenska-cesta-300x198.jpg\" width=\"240\" height=\"158\" srcset=\"https:\/\/www.komarno.com\/sk\/wp-content\/uploads\/sites\/2\/2013\/06\/elektrarenska-cesta-300x198.jpg 300w, https:\/\/www.komarno.com\/sk\/wp-content\/uploads\/sites\/2\/2013\/06\/elektrarenska-cesta.jpg 640w\" sizes=\"auto, (max-width: 240px) 100vw, 240px\" \/><\/a><\/p>\n<p><a href=\"http:\/\/www.komarno.com\/sk\/wp-content\/uploads\/sites\/2\/2013\/06\/sutok-Dunaja-a-Vahu.jpg\"><img loading=\"lazy\" decoding=\"async\" class=\"alignnone  wp-image-287\" title=\"Poh\u013ead na s\u00fatok Dunaja a V\u00e1hu\" alt=\"\" src=\"http:\/\/www.komarno.com\/sk\/wp-content\/uploads\/sites\/2\/2013\/06\/sutok-Dunaja-a-Vahu-300x198.jpg\" width=\"240\" height=\"158\" srcset=\"https:\/\/www.komarno.com\/sk\/wp-content\/uploads\/sites\/2\/2013\/06\/sutok-Dunaja-a-Vahu-300x198.jpg 300w, https:\/\/www.komarno.com\/sk\/wp-content\/uploads\/sites\/2\/2013\/06\/sutok-Dunaja-a-Vahu-720x477.jpg 720w, https:\/\/www.komarno.com\/sk\/wp-content\/uploads\/sites\/2\/2013\/06\/sutok-Dunaja-a-Vahu.jpg 800w\" sizes=\"auto, (max-width: 240px) 100vw, 240px\" \/><\/a><\/p>\n","protected":false},"excerpt":{"rendered":"<p>Prehliadky pevnosti organizuje \u201cPRO CASTELLO COMAROMIENSI\u201d. Viac inform\u00e1ci\u00ed n\u00e1jdete\u00a0tu.<\/p>\n","protected":false},"author":1,"featured_media":293,"parent":33,"menu_order":2,"comment_status":"closed","ping_status":"closed","template":"","meta":{"footnotes":""},"class_list":["post-37","page","type-page","status-publish","has-post-thumbnail","hentry"],"_links":{"self":[{"href":"https:\/\/www.komarno.com\/sk\/wp-json\/wp\/v2\/pages\/37","targetHints":{"allow":["GET"]}}],"collection":[{"href":"https:\/\/www.komarno.com\/sk\/wp-json\/wp\/v2\/pages"}],"about":[{"href":"https:\/\/www.komarno.com\/sk\/wp-json\/wp\/v2\/types\/page"}],"author":[{"embeddable":true,"href":"https:\/\/www.komarno.com\/sk\/wp-json\/wp\/v2\/users\/1"}],"replies":[{"embeddable":true,"href":"https:\/\/www.komarno.com\/sk\/wp-json\/wp\/v2\/comments?post=37"}],"version-history":[{"count":10,"href":"https:\/\/www.komarno.com\/sk\/wp-json\/wp\/v2\/pages\/37\/revisions"}],"predecessor-version":[{"id":394,"href":"https:\/\/www.komarno.com\/sk\/wp-json\/wp\/v2\/pages\/37\/revisions\/394"}],"up":[{"embeddable":true,"href":"https:\/\/www.komarno.com\/sk\/wp-json\/wp\/v2\/pages\/33"}],"wp:featuredmedia":[{"embeddable":true,"href":"https:\/\/www.komarno.com\/sk\/wp-json\/wp\/v2\/media\/293"}],"wp:attachment":[{"href":"https:\/\/www.komarno.com\/sk\/wp-json\/wp\/v2\/media?parent=37"}],"curies":[{"name":"wp","href":"https:\/\/api.w.org\/{rel}","templated":true}]}}