{"id":41,"date":"2013-06-01T13:37:16","date_gmt":"2013-06-01T11:37:16","guid":{"rendered":"http:\/\/www.komarno.com\/sk\/?page_id=41"},"modified":"2013-07-03T17:05:04","modified_gmt":"2013-07-03T15:05:04","slug":"d-bastion-v-a-lapidarium","status":"publish","type":"page","link":"https:\/\/www.komarno.com\/sk\/velka-cesta\/d-bastion-v-a-lapidarium\/","title":{"rendered":"D &#8211; Basti\u00f3n V. a Lapid\u00e1rium"},"content":{"rendered":"<div class=\"fcbkbttn_buttons_block\" id=\"fcbkbttn_left\"><div class=\"fcbkbttn_like \"><fb:like href=\"https:\/\/www.komarno.com\/sk\/velka-cesta\/d-bastion-v-a-lapidarium\/\" action=\"like\" colorscheme=\"light\" layout=\"button_count\"  size=\"small\"><\/fb:like><\/div><\/div><p>Lapid\u00e1rium r\u00edmskych pamiatok v basti\u00f3ne VI. je s\u00fa\u010das\u0165ou expoz\u00edcie <a title=\"R\u00edmske Lapid\u00e1rium - expoz\u00edcia Podunajsk\u00e9ho m\u00fazea\" href=\"http:\/\/www.muzeumkn.sk\/index.php?cat=18&amp;page=article\" target=\"_blank\">Podunajsk\u00e9ho m\u00fazea v Kom\u00e1rne<\/a>.<\/p>\n<p>Lapid\u00e1rium m\u00f4\u017eete nav\u0161t\u00edvi\u0165:<\/p>\n<ul>\n<li>3. 5. &#8211; 31. 8. Ut-So: 10.00-17.00<\/li>\n<li>1.9.-14.4. po dohode na tel. \u010d\u00edsle: +421 35 773 14 76<\/li>\n<\/ul>\n<p><a href=\"http:\/\/www.komarno.com\/sk\/wp-content\/uploads\/sites\/2\/2013\/06\/cesta-bastami.jpg\"><img loading=\"lazy\" decoding=\"async\" class=\"alignnone size-medium wp-image-289\" title=\"Cesta ba\u0161tami\" alt=\"\" src=\"http:\/\/www.komarno.com\/sk\/wp-content\/uploads\/sites\/2\/2013\/06\/cesta-bastami-300x198.jpg\" width=\"300\" height=\"198\" srcset=\"https:\/\/www.komarno.com\/sk\/wp-content\/uploads\/sites\/2\/2013\/06\/cesta-bastami-300x198.jpg 300w, https:\/\/www.komarno.com\/sk\/wp-content\/uploads\/sites\/2\/2013\/06\/cesta-bastami.jpg 640w\" sizes=\"auto, (max-width: 300px) 100vw, 300px\" \/><\/a><\/p>\n<p><a href=\"http:\/\/www.muzeumkn.sk\/index.php?cat=18&amp;page=article\" target=\"_blank\"><img loading=\"lazy\" decoding=\"async\" class=\"alignnone size-medium wp-image-288\" title=\"Lapid\u00e1rium\" alt=\"\" src=\"http:\/\/www.komarno.com\/sk\/wp-content\/uploads\/sites\/2\/2013\/06\/lapidarium-300x198.jpg\" width=\"300\" height=\"198\" srcset=\"https:\/\/www.komarno.com\/sk\/wp-content\/uploads\/sites\/2\/2013\/06\/lapidarium-300x198.jpg 300w, https:\/\/www.komarno.com\/sk\/wp-content\/uploads\/sites\/2\/2013\/06\/lapidarium.jpg 640w\" sizes=\"auto, (max-width: 300px) 100vw, 300px\" \/><\/a><\/p>\n","protected":false},"excerpt":{"rendered":"<p>Lapid\u00e1rium r\u00edmskych pamiatok v basti\u00f3ne VI. je s\u00fa\u010das\u0165ou expoz\u00edcie Podunajsk\u00e9ho m\u00fazea v Kom\u00e1rne. Lapid\u00e1rium m\u00f4\u017eete nav\u0161t\u00edvi\u0165: 3. 5. &#8211; 31. 8. Ut-So: 10.00-17.00 1.9.-14.4. po dohode na tel. \u010d\u00edsle: +421 35 773 14 76<\/p>\n","protected":false},"author":1,"featured_media":0,"parent":33,"menu_order":4,"comment_status":"closed","ping_status":"closed","template":"","meta":{"footnotes":""},"class_list":["post-41","page","type-page","status-publish","hentry"],"_links":{"self":[{"href":"https:\/\/www.komarno.com\/sk\/wp-json\/wp\/v2\/pages\/41","targetHints":{"allow":["GET"]}}],"collection":[{"href":"https:\/\/www.komarno.com\/sk\/wp-json\/wp\/v2\/pages"}],"about":[{"href":"https:\/\/www.komarno.com\/sk\/wp-json\/wp\/v2\/types\/page"}],"author":[{"embeddable":true,"href":"https:\/\/www.komarno.com\/sk\/wp-json\/wp\/v2\/users\/1"}],"replies":[{"embeddable":true,"href":"https:\/\/www.komarno.com\/sk\/wp-json\/wp\/v2\/comments?post=41"}],"version-history":[{"count":11,"href":"https:\/\/www.komarno.com\/sk\/wp-json\/wp\/v2\/pages\/41\/revisions"}],"predecessor-version":[{"id":368,"href":"https:\/\/www.komarno.com\/sk\/wp-json\/wp\/v2\/pages\/41\/revisions\/368"}],"up":[{"embeddable":true,"href":"https:\/\/www.komarno.com\/sk\/wp-json\/wp\/v2\/pages\/33"}],"wp:attachment":[{"href":"https:\/\/www.komarno.com\/sk\/wp-json\/wp\/v2\/media?parent=41"}],"curies":[{"name":"wp","href":"https:\/\/api.w.org\/{rel}","templated":true}]}}