{"id":6,"date":"2013-06-01T13:21:57","date_gmt":"2013-06-01T11:21:57","guid":{"rendered":"http:\/\/www.komarno.com\/sk\/?page_id=6"},"modified":"2013-07-04T20:07:37","modified_gmt":"2013-07-04T18:07:37","slug":"domov","status":"publish","type":"page","link":"https:\/\/www.komarno.com\/sk\/","title":{"rendered":"Pozn\u00e1vacie cesty Kom\u00e1rnom"},"content":{"rendered":"<div class=\"fcbkbttn_buttons_block\" id=\"fcbkbttn_left\"><div class=\"fcbkbttn_like \"><fb:like href=\"https:\/\/www.komarno.com\/sk\/\" action=\"like\" colorscheme=\"light\" layout=\"button_count\"  size=\"small\"><\/fb:like><\/div><\/div><p><strong style=\"line-height: 1.6; font-size: 1.3rem;\"><a title=\"Mal\u00e1 cesta\" href=\"http:\/\/www.komarno.com\/sk\/mala-cesta\/\">Mal\u00e1 cesta<\/a>\u00a0 \u00a0<\/strong><strong style=\"line-height: 1.6; font-size: 1.3rem;\"><a title=\"Ve\u013ek\u00e1 cesta\" href=\"http:\/\/www.komarno.com\/sk\/velka-cesta\/\">Ve\u013ek\u00e1 cesta<\/a><\/strong><span style=\"line-height: 1.6; font-size: 1.3rem;\">[myslider]<\/span><\/p>\n<p><strong>Pozn\u00e1vacie cesty Kom\u00e1rnom na <a href=\"http:\/\/mapsengine.google.com\/map\/embed?mid=zNWLUAHTqbUA.knnBQ8hLgzhg\">Google Maps Engine Lite<\/a><\/strong><\/p>\n<p><a href=\"http:\/\/www.komarno.com\/sk\/wp-content\/uploads\/sites\/2\/2013\/06\/turisticka-cesta_1.jpg\"><img loading=\"lazy\" decoding=\"async\" class=\"alignnone  wp-image-380\" title=\"Stiahnu\u0165 mapu\" alt=\"turisticka cesta_1\" src=\"http:\/\/www.komarno.com\/sk\/wp-content\/uploads\/sites\/2\/2013\/06\/turisticka-cesta_1-300x206.jpg\" width=\"144\" height=\"99\" srcset=\"https:\/\/www.komarno.com\/sk\/wp-content\/uploads\/sites\/2\/2013\/06\/turisticka-cesta_1-300x206.jpg 300w, https:\/\/www.komarno.com\/sk\/wp-content\/uploads\/sites\/2\/2013\/06\/turisticka-cesta_1-1024x704.jpg 1024w, https:\/\/www.komarno.com\/sk\/wp-content\/uploads\/sites\/2\/2013\/06\/turisticka-cesta_1-720x495.jpg 720w, https:\/\/www.komarno.com\/sk\/wp-content\/uploads\/sites\/2\/2013\/06\/turisticka-cesta_1.jpg 1181w\" sizes=\"auto, (max-width: 144px) 100vw, 144px\" \/><\/a>\u00a0<a href=\"http:\/\/www.komarno.com\/sk\/wp-content\/uploads\/sites\/2\/2013\/06\/turisticka-cesta_2.jpg\"><img loading=\"lazy\" decoding=\"async\" class=\"alignnone  wp-image-382\" title=\"Stiahnu\u0165 mapu\" alt=\"turisticka cesta_2\" src=\"http:\/\/www.komarno.com\/sk\/wp-content\/uploads\/sites\/2\/2013\/06\/turisticka-cesta_2-300x206.jpg\" width=\"144\" height=\"99\" srcset=\"https:\/\/www.komarno.com\/sk\/wp-content\/uploads\/sites\/2\/2013\/06\/turisticka-cesta_2-300x206.jpg 300w, https:\/\/www.komarno.com\/sk\/wp-content\/uploads\/sites\/2\/2013\/06\/turisticka-cesta_2-1024x704.jpg 1024w, https:\/\/www.komarno.com\/sk\/wp-content\/uploads\/sites\/2\/2013\/06\/turisticka-cesta_2-720x495.jpg 720w, https:\/\/www.komarno.com\/sk\/wp-content\/uploads\/sites\/2\/2013\/06\/turisticka-cesta_2.jpg 1181w\" sizes=\"auto, (max-width: 144px) 100vw, 144px\" \/><\/a><\/p>\n<p>&nbsp;<\/p>\n<p><span style=\"font-size: 1rem;\">Projekt Pozn\u00e1vacie cesty Kom\u00e1rnom vznikol ako neform\u00e1lna ob\u010dianska iniciat\u00edva Miroslava Lopatu, Katar\u00edny Plavcovej a Miroslava \u0160veca za pomoci firmy GLS WEB Design, s.r.o.<\/span><\/p>\n<p>&nbsp;<\/p>\n","protected":false},"excerpt":{"rendered":"<p>Mal\u00e1 cesta\u00a0 \u00a0Ve\u013ek\u00e1 cesta[myslider] Pozn\u00e1vacie cesty Kom\u00e1rnom na Google Maps Engine Lite \u00a0 &nbsp; Projekt Pozn\u00e1vacie cesty Kom\u00e1rnom vznikol ako neform\u00e1lna ob\u010dianska iniciat\u00edva Miroslava Lopatu, Katar\u00edny Plavcovej a Miroslava \u0160veca za pomoci firmy GLS WEB Design, s.r.o. &nbsp;<\/p>\n","protected":false},"author":1,"featured_media":382,"parent":0,"menu_order":0,"comment_status":"closed","ping_status":"closed","template":"","meta":{"footnotes":""},"class_list":["post-6","page","type-page","status-publish","has-post-thumbnail","hentry"],"_links":{"self":[{"href":"https:\/\/www.komarno.com\/sk\/wp-json\/wp\/v2\/pages\/6","targetHints":{"allow":["GET"]}}],"collection":[{"href":"https:\/\/www.komarno.com\/sk\/wp-json\/wp\/v2\/pages"}],"about":[{"href":"https:\/\/www.komarno.com\/sk\/wp-json\/wp\/v2\/types\/page"}],"author":[{"embeddable":true,"href":"https:\/\/www.komarno.com\/sk\/wp-json\/wp\/v2\/users\/1"}],"replies":[{"embeddable":true,"href":"https:\/\/www.komarno.com\/sk\/wp-json\/wp\/v2\/comments?post=6"}],"version-history":[{"count":40,"href":"https:\/\/www.komarno.com\/sk\/wp-json\/wp\/v2\/pages\/6\/revisions"}],"predecessor-version":[{"id":398,"href":"https:\/\/www.komarno.com\/sk\/wp-json\/wp\/v2\/pages\/6\/revisions\/398"}],"wp:featuredmedia":[{"embeddable":true,"href":"https:\/\/www.komarno.com\/sk\/wp-json\/wp\/v2\/media\/382"}],"wp:attachment":[{"href":"https:\/\/www.komarno.com\/sk\/wp-json\/wp\/v2\/media?parent=6"}],"curies":[{"name":"wp","href":"https:\/\/api.w.org\/{rel}","templated":true}]}}