{"id":8,"date":"2013-06-01T13:23:32","date_gmt":"2013-06-01T11:23:32","guid":{"rendered":"http:\/\/www.komarno.com\/sk\/?page_id=8"},"modified":"2013-07-03T21:43:50","modified_gmt":"2013-07-03T19:43:50","slug":"mala-cesta","status":"publish","type":"page","link":"https:\/\/www.komarno.com\/sk\/mala-cesta\/","title":{"rendered":"Mal\u00e1 cesta"},"content":{"rendered":"<div class=\"fcbkbttn_buttons_block\" id=\"fcbkbttn_left\"><div class=\"fcbkbttn_like \"><fb:like href=\"https:\/\/www.komarno.com\/sk\/mala-cesta\/\" action=\"like\" colorscheme=\"light\" layout=\"button_count\"  size=\"small\"><\/fb:like><\/div><\/div><table border=\"0\">\n<tbody>\n<tr>\n<td><a title=\"1 N\u00e1mestie gener\u00e1la Klapku\" href=\"http:\/\/www.komarno.com\/sk\/mala-cesta\/namestie-generala-klapku\/\">1 N\u00e1mestie gener\u00e1la Klapku<\/a><br \/>\n<a title=\"2 Park Anglia\" href=\"http:\/\/www.komarno.com\/sk\/mala-cesta\/park-anglia\/\">2 Park Anglia<\/a><br \/>\n<a title=\"3 Nov\u00e1 pevnos\u0165\" href=\"http:\/\/www.komarno.com\/sk\/mala-cesta\/nova-pevnost\/\">3 Nov\u00e1 pevnos\u0165<\/a><br \/>\n<a title=\"4 D\u00f4stojn\u00edcky pavil\u00f3n\" href=\"http:\/\/www.komarno.com\/sk\/mala-cesta\/dostojnicky-pavilon\/\">4 D\u00f4stojn\u00edcky pavil\u00f3n<\/a><br \/>\n<a title=\"5 kostol sv. Ondreja\" href=\"http:\/\/www.komarno.com\/sk\/mala-cesta\/kostol-sv-ondreja\/\">5 Kostol sv. Ondreja<\/a><\/td>\n<td><a title=\"6 Park Franza Leh\u00e1ra\" href=\"http:\/\/www.komarno.com\/sk\/mala-cesta\/park-franza-lehara\/\">6 Park Franza Leh\u00e1ra<\/a><br \/>\n<a title=\"7 Al\u017ebetin most\" href=\"http:\/\/www.komarno.com\/sk\/mala-cesta\/alzbetin-most\/\">7 Al\u017ebetin most<\/a><br \/>\n<a title=\"8 Park M. R. \u0160tef\u00e1nika\" href=\"http:\/\/www.komarno.com\/sk\/mala-cesta\/park-m-r-stefanika\/\">8 Park M. R. \u0160tef\u00e1nika<\/a><br \/>\n<a title=\"9 Troji\u010dn\u00fd st\u013ap\" href=\"http:\/\/www.komarno.com\/sk\/mala-cesta\/trojicny-stlp\/\">9 Troji\u010dn\u00fd st\u013ap<\/a><br \/>\n<a title=\"10 N\u00e1dvorie Eur\u00f3py\" href=\"http:\/\/www.komarno.com\/sk\/mala-cesta\/nadvorie-europy\/\">10 N\u00e1dvorie Eur\u00f3py<\/a><\/td>\n<\/tr>\n<\/tbody>\n<\/table>\n<p><iframe loading=\"lazy\" src=\"https:\/\/maps.google.sk\/maps\/ms?msa=0&amp;msid=209862301729274651671.0004e08b3f7629f39b070&amp;ie=UTF8&amp;t=h&amp;ll=47.756141,18.12777&amp;spn=0.006192,0.013063&amp;output=embed\" height=\"600\" width=\"600\" frameborder=\"0\" marginwidth=\"0\" marginheight=\"0\" scrolling=\"no\"><\/iframe><br \/>\nZobrazi\u0165 <strong>Mal\u00fa cestu<\/strong> <a style=\"color: #0000ff; text-align: left;\" href=\"https:\/\/maps.google.sk\/maps\/ms?msa=0&amp;msid=209862301729274651671.0004e08b3f7629f39b070&amp;ie=UTF8&amp;t=h&amp;ll=47.756141,18.12777&amp;spn=0.006192,0.013063&amp;source=embed\">na v\u00e4\u010d\u0161ej mape<\/a>.<\/p>\n","protected":false},"excerpt":{"rendered":"<p>1 N\u00e1mestie gener\u00e1la Klapku 2 Park Anglia 3 Nov\u00e1 pevnos\u0165 4 D\u00f4stojn\u00edcky pavil\u00f3n 5 Kostol sv. Ondreja 6 Park Franza Leh\u00e1ra 7 Al\u017ebetin most 8 Park M. R. \u0160tef\u00e1nika 9 Troji\u010dn\u00fd st\u013ap 10 N\u00e1dvorie Eur\u00f3py Zobrazi\u0165 Mal\u00fa cestu na v\u00e4\u010d\u0161ej mape.<\/p>\n","protected":false},"author":1,"featured_media":0,"parent":0,"menu_order":1,"comment_status":"closed","ping_status":"closed","template":"","meta":{"footnotes":""},"class_list":["post-8","page","type-page","status-publish","hentry"],"_links":{"self":[{"href":"https:\/\/www.komarno.com\/sk\/wp-json\/wp\/v2\/pages\/8","targetHints":{"allow":["GET"]}}],"collection":[{"href":"https:\/\/www.komarno.com\/sk\/wp-json\/wp\/v2\/pages"}],"about":[{"href":"https:\/\/www.komarno.com\/sk\/wp-json\/wp\/v2\/types\/page"}],"author":[{"embeddable":true,"href":"https:\/\/www.komarno.com\/sk\/wp-json\/wp\/v2\/users\/1"}],"replies":[{"embeddable":true,"href":"https:\/\/www.komarno.com\/sk\/wp-json\/wp\/v2\/comments?post=8"}],"version-history":[{"count":32,"href":"https:\/\/www.komarno.com\/sk\/wp-json\/wp\/v2\/pages\/8\/revisions"}],"predecessor-version":[{"id":59,"href":"https:\/\/www.komarno.com\/sk\/wp-json\/wp\/v2\/pages\/8\/revisions\/59"}],"wp:attachment":[{"href":"https:\/\/www.komarno.com\/sk\/wp-json\/wp\/v2\/media?parent=8"}],"curies":[{"name":"wp","href":"https:\/\/api.w.org\/{rel}","templated":true}]}}